{"id":120,"date":"2022-12-10T02:38:41","date_gmt":"2022-12-10T01:38:41","guid":{"rendered":"http:\/\/www.sgsolutions.lu\/?page_id=120"},"modified":"2023-05-26T18:09:12","modified_gmt":"2023-05-26T16:09:12","slug":"conseil","status":"publish","type":"page","link":"https:\/\/www.sgsolutions.lu\/index.php\/conseil\/","title":{"rendered":"Conseil"},"content":{"rendered":"\n<div class=\"wp-block-cover alignfull\"><span aria-hidden=\"true\" class=\"wp-block-cover__background has-background-dim\"><\/span><img loading=\"lazy\" decoding=\"async\" width=\"2560\" height=\"1024\" class=\"wp-block-cover__image-background wp-image-23\" alt=\"\" src=\"http:\/\/www.sgsolutions.lu\/wp-content\/uploads\/2022\/12\/shutterstock_1235079259-scaled.jpg\" data-object-fit=\"cover\" srcset=\"https:\/\/www.sgsolutions.lu\/wp-content\/uploads\/2022\/12\/shutterstock_1235079259-scaled.jpg 2560w, https:\/\/www.sgsolutions.lu\/wp-content\/uploads\/2022\/12\/shutterstock_1235079259-300x120.jpg 300w, https:\/\/www.sgsolutions.lu\/wp-content\/uploads\/2022\/12\/shutterstock_1235079259-1024x410.jpg 1024w, https:\/\/www.sgsolutions.lu\/wp-content\/uploads\/2022\/12\/shutterstock_1235079259-768x307.jpg 768w, https:\/\/www.sgsolutions.lu\/wp-content\/uploads\/2022\/12\/shutterstock_1235079259-1536x614.jpg 1536w, https:\/\/www.sgsolutions.lu\/wp-content\/uploads\/2022\/12\/shutterstock_1235079259-2048x819.jpg 2048w\" sizes=\"auto, (max-width: 2560px) 100vw, 2560px\" \/><div class=\"wp-block-cover__inner-container is-layout-flow wp-block-cover-is-layout-flow\">\n<p class=\"has-text-align-center has-large-font-size\"><\/p>\n<\/div><\/div>\n\n\n\n<div style=\"height:25px\" aria-hidden=\"true\" class=\"wp-block-spacer\"><\/div>\n\n\n\n<div class=\"wp-block-media-text alignwide is-stacked-on-mobile\"><figure class=\"wp-block-media-text__media\"><img loading=\"lazy\" decoding=\"async\" width=\"1024\" height=\"1024\" src=\"http:\/\/www.sgsolutions.lu\/wp-content\/uploads\/2022\/12\/Shutterstock_1020878011-1024x1024.jpg\" alt=\"\" class=\"wp-image-46 size-full\" srcset=\"https:\/\/www.sgsolutions.lu\/wp-content\/uploads\/2022\/12\/Shutterstock_1020878011-1024x1024.jpg 1024w, https:\/\/www.sgsolutions.lu\/wp-content\/uploads\/2022\/12\/Shutterstock_1020878011-300x300.jpg 300w, https:\/\/www.sgsolutions.lu\/wp-content\/uploads\/2022\/12\/Shutterstock_1020878011-150x150.jpg 150w, https:\/\/www.sgsolutions.lu\/wp-content\/uploads\/2022\/12\/Shutterstock_1020878011-768x768.jpg 768w, https:\/\/www.sgsolutions.lu\/wp-content\/uploads\/2022\/12\/Shutterstock_1020878011-1536x1536.jpg 1536w, https:\/\/www.sgsolutions.lu\/wp-content\/uploads\/2022\/12\/Shutterstock_1020878011-2048x2048.jpg 2048w\" sizes=\"auto, (max-width: 1024px) 100vw, 1024px\" \/><\/figure><div class=\"wp-block-media-text__content\">\n<p>Fort d\u2019une exp\u00e9rience de plus de 10 ans sur le march\u00e9 luxembourgeois et en Europe, nous sommes d\u00e9termin\u00e9s \u00e0 mettre notre professionnalisme, notre enthousiasme et notre r\u00e9activit\u00e9 au service de votre r\u00e9ussite. Que vous envisagiez de vous implanter sur le march\u00e9 luxembourgeois ou que vous souhaitiez y \u00e9tendre votre pr\u00e9sence, nous sommes l\u00e0 pour vous accompagner et vous aider \u00e0 atteindre vos objectifs.<\/p>\n\n\n\n<p>Analyse de vos besoins: Chez SG Solutions, nous croyons en l&#8217;importance d&#8217;\u00e9couter nos clients et de comprendre leurs besoins sp\u00e9cifiques. Nous nous engageons \u00e0 analyser en profondeur votre situation afin de vous proposer des solutions sur mesure. Que votre besoin soit ponctuel ou n\u00e9cessite un soutien \u00e0 plus long terme, nous sommes flexibles et nous adapterons notre intervention et les moyens mis en \u0153uvre pour vous assurer une prestation de qualit\u00e9.<\/p>\n\n\n\n<p>Partenariats et expertise: Nous nous appuyons sur nos propres comp\u00e9tences, ainsi que sur celles de partenaires qualifi\u00e9s, pour mettre en \u0153uvre les meilleures solutions pour nos clients. Gr\u00e2ce \u00e0 notre r\u00e9seau d&#8217;experts et \u00e0 notre connaissance approfondie du march\u00e9 luxembourgeois et europ\u00e9en, nous sommes en mesure de r\u00e9pondre \u00e0 vos exigences les plus complexes.<\/p>\n\n\n\n<p>Services sur-mesure: Chez SG Solutions, nous comprenons que chaque entreprise est unique. C&#8217;est pourquoi nous proposons des services personnalis\u00e9s pour r\u00e9pondre \u00e0 vos probl\u00e9matiques sp\u00e9cifiques. Que vous ayez besoin d&#8217;une assistance dans la gestion quotidienne, le d\u00e9veloppement commercial, les ressources humaines ou d&#8217;autres domaines, nous sommes l\u00e0 pour vous aider \u00e0 relever les d\u00e9fis et saisir les opportunit\u00e9s qui se pr\u00e9sentent \u00e0 vous.<\/p>\n\n\n\n<p>Approche en trois phases: Nos interventions suivent toujours un processus en trois phases : diagnostic, recommandations\/solutions, suivi. Tout d&#8217;abord, nous effectuons une analyse approfondie de votre situation actuelle pour identifier les probl\u00e8mes et les opportunit\u00e9s. Ensuite, nous vous proposons des recommandations et des solutions adapt\u00e9es \u00e0 vos besoins sp\u00e9cifiques. Enfin, nous assurons un suivi r\u00e9gulier pour \u00e9valuer l&#8217;efficacit\u00e9 des actions mises en place et apporter des ajustements si n\u00e9cessaire.<\/p>\n\n\n\n<p>Chez SG Solutions S.\u00e0 r.l., nous sommes passionn\u00e9s par notre travail et d\u00e9termin\u00e9s \u00e0 contribuer \u00e0 votre succ\u00e8s. Que vous ayez besoin d&#8217;une expertise ponctuelle ou d&#8217;un soutien \u00e0 plus long terme, nous sommes pr\u00eats \u00e0 vous accompagner dans toutes les phases de votre projet. Faites-nous confiance pour mettre notre exp\u00e9rience et notre savoir-faire au service de votre entreprise. Contactez-nous d\u00e8s aujourd&#8217;hui pour discuter de vos besoins et d\u00e9couvrir comment nous pouvons vous aider \u00e0 atteindre vos objectifs.<\/p>\n<\/div><\/div>\n\n\n\n<div style=\"height:25px\" aria-hidden=\"true\" class=\"wp-block-spacer\"><\/div>\n\n\n\n<div class=\"wp-block-buttons is-content-justification-center is-layout-flex wp-container-core-buttons-is-layout-16018d1d wp-block-buttons-is-layout-flex\">\n<div class=\"wp-block-button\"><a class=\"wp-block-button__link wp-element-button\" href=\"https:\/\/www.sgsolutions.lu\/index.php\/nos-services\/\">Retour<\/a><\/div>\n<\/div>\n\n\n\n<div style=\"height:25px\" aria-hidden=\"true\" class=\"wp-block-spacer\"><\/div>\n","protected":false},"excerpt":{"rendered":"<p>Fort d\u2019une exp\u00e9rience de plus de 10 ans sur le march\u00e9 luxembourgeois et en Europe, nous sommes d\u00e9termin\u00e9s \u00e0 mettre notre professionnalisme, notre enthousiasme et notre r\u00e9activit\u00e9 au service de votre r\u00e9ussite. Que vous envisagiez de vous implanter sur le march\u00e9 luxembourgeois ou que vous souhaitiez y \u00e9tendre votre pr\u00e9sence, nous sommes l\u00e0 pour vous&hellip;&nbsp;<a href=\"https:\/\/www.sgsolutions.lu\/index.php\/conseil\/\" class=\"\" rel=\"bookmark\">Read More &raquo;<span class=\"screen-reader-text\">Conseil<\/span><\/a><\/p>\n","protected":false},"author":1,"featured_media":0,"parent":0,"menu_order":0,"comment_status":"closed","ping_status":"closed","template":"","meta":{"neve_meta_sidebar":"","neve_meta_container":"","neve_meta_enable_content_width":"","neve_meta_content_width":0,"neve_meta_title_alignment":"","neve_meta_author_avatar":"","neve_post_elements_order":"","neve_meta_disable_header":"","neve_meta_disable_footer":"","neve_meta_disable_title":"","footnotes":""},"class_list":["post-120","page","type-page","status-publish","hentry"],"_links":{"self":[{"href":"https:\/\/www.sgsolutions.lu\/index.php\/wp-json\/wp\/v2\/pages\/120","targetHints":{"allow":["GET"]}}],"collection":[{"href":"https:\/\/www.sgsolutions.lu\/index.php\/wp-json\/wp\/v2\/pages"}],"about":[{"href":"https:\/\/www.sgsolutions.lu\/index.php\/wp-json\/wp\/v2\/types\/page"}],"author":[{"embeddable":true,"href":"https:\/\/www.sgsolutions.lu\/index.php\/wp-json\/wp\/v2\/users\/1"}],"replies":[{"embeddable":true,"href":"https:\/\/www.sgsolutions.lu\/index.php\/wp-json\/wp\/v2\/comments?post=120"}],"version-history":[{"count":12,"href":"https:\/\/www.sgsolutions.lu\/index.php\/wp-json\/wp\/v2\/pages\/120\/revisions"}],"predecessor-version":[{"id":504,"href":"https:\/\/www.sgsolutions.lu\/index.php\/wp-json\/wp\/v2\/pages\/120\/revisions\/504"}],"wp:attachment":[{"href":"https:\/\/www.sgsolutions.lu\/index.php\/wp-json\/wp\/v2\/media?parent=120"}],"curies":[{"name":"wp","href":"https:\/\/api.w.org\/{rel}","templated":true}]}}