{"id":131,"date":"2022-12-10T02:52:43","date_gmt":"2022-12-10T01:52:43","guid":{"rendered":"http:\/\/www.sgsolutions.lu\/?page_id=131"},"modified":"2023-05-26T18:18:39","modified_gmt":"2023-05-26T16:18:39","slug":"payroll","status":"publish","type":"page","link":"https:\/\/www.sgsolutions.lu\/index.php\/payroll\/","title":{"rendered":"Payroll"},"content":{"rendered":"\n<div class=\"wp-block-cover alignfull\"><span aria-hidden=\"true\" class=\"wp-block-cover__background has-background-dim\"><\/span><img loading=\"lazy\" decoding=\"async\" width=\"2560\" height=\"1024\" class=\"wp-block-cover__image-background wp-image-23\" alt=\"\" src=\"http:\/\/www.sgsolutions.lu\/wp-content\/uploads\/2022\/12\/shutterstock_1235079259-scaled.jpg\" data-object-fit=\"cover\" srcset=\"https:\/\/www.sgsolutions.lu\/wp-content\/uploads\/2022\/12\/shutterstock_1235079259-scaled.jpg 2560w, https:\/\/www.sgsolutions.lu\/wp-content\/uploads\/2022\/12\/shutterstock_1235079259-300x120.jpg 300w, https:\/\/www.sgsolutions.lu\/wp-content\/uploads\/2022\/12\/shutterstock_1235079259-1024x410.jpg 1024w, https:\/\/www.sgsolutions.lu\/wp-content\/uploads\/2022\/12\/shutterstock_1235079259-768x307.jpg 768w, https:\/\/www.sgsolutions.lu\/wp-content\/uploads\/2022\/12\/shutterstock_1235079259-1536x614.jpg 1536w, https:\/\/www.sgsolutions.lu\/wp-content\/uploads\/2022\/12\/shutterstock_1235079259-2048x819.jpg 2048w\" sizes=\"auto, (max-width: 2560px) 100vw, 2560px\" \/><div class=\"wp-block-cover__inner-container is-layout-flow wp-block-cover-is-layout-flow\">\n<p class=\"has-text-align-center has-large-font-size\"><\/p>\n<\/div><\/div>\n\n\n\n<div style=\"height:25px\" aria-hidden=\"true\" class=\"wp-block-spacer\"><\/div>\n\n\n\n<div class=\"wp-block-media-text alignwide is-stacked-on-mobile\"><figure class=\"wp-block-media-text__media\"><img loading=\"lazy\" decoding=\"async\" width=\"1024\" height=\"1024\" src=\"http:\/\/www.sgsolutions.lu\/wp-content\/uploads\/2022\/12\/Shutterstock_507750529-1024x1024.jpg\" alt=\"\" class=\"wp-image-47 size-full\" srcset=\"https:\/\/www.sgsolutions.lu\/wp-content\/uploads\/2022\/12\/Shutterstock_507750529-1024x1024.jpg 1024w, https:\/\/www.sgsolutions.lu\/wp-content\/uploads\/2022\/12\/Shutterstock_507750529-300x300.jpg 300w, https:\/\/www.sgsolutions.lu\/wp-content\/uploads\/2022\/12\/Shutterstock_507750529-150x150.jpg 150w, https:\/\/www.sgsolutions.lu\/wp-content\/uploads\/2022\/12\/Shutterstock_507750529-768x768.jpg 768w, https:\/\/www.sgsolutions.lu\/wp-content\/uploads\/2022\/12\/Shutterstock_507750529-1536x1536.jpg 1536w, https:\/\/www.sgsolutions.lu\/wp-content\/uploads\/2022\/12\/Shutterstock_507750529-2048x2048.jpg 2048w\" sizes=\"auto, (max-width: 1024px) 100vw, 1024px\" \/><\/figure><div class=\"wp-block-media-text__content\">\n<p>SG Solutions vous accompagne dans la gestion des salaires et des ressources humaines. Nous comprenons l&#8217;importance pour vous, en tant qu&#8217;employeur, de pouvoir vous concentrer sur vos activit\u00e9s principales tout en ayant l&#8217;assurance que la gestion des salaires est effectu\u00e9e de mani\u00e8re professionnelle, \u00e9quitable et dans les d\u00e9lais impartis. De m\u00eame, nous reconnaissons l&#8217;importance pour vos salari\u00e9s de recevoir leur salaire de mani\u00e8re r\u00e9guli\u00e8re et ponctuelle.<\/p>\n\n\n\n<p>Avec plus de 10 ans d&#8217;exp\u00e9rience dans l&#8217;administration et la gestion des salaires, notre \u00e9quipe poss\u00e8de les comp\u00e9tences n\u00e9cessaires pour g\u00e9rer efficacement vos paies. Nous mettons \u00e0 votre disposition notre professionnalisme, notre enthousiasme et notre r\u00e9activit\u00e9 afin de prendre en charge la gestion quotidienne de vos salaires. De plus, nous sommes \u00e9galement en mesure de vous fournir un soutien et des conseils en mati\u00e8re de droit du travail, de s\u00e9curit\u00e9 sociale et de fiscalit\u00e9.<\/p>\n\n\n\n<p>Que vous envisagiez de vous implanter sur le march\u00e9 luxembourgeois ou que vous souhaitiez changer de prestataire pour la gestion de votre payroll, SG Solutions est l\u00e0 pour vous \u00e9couter, analyser vos besoins et vous accompagner au quotidien dans la gestion des salaires.<\/p>\n\n\n\n<p>Nos services comprennent :<\/p>\n\n\n\n<ol class=\"wp-block-list\" type=\"1\" start=\"1\">\n<li>Pr\u00e9paration et aide \u00e0 la r\u00e9daction des contrats de travail et des avenants aux contrats.<\/li>\n\n\n\n<li>Affiliation de vos nouveaux employ\u00e9s au Centre Commun de la S\u00e9curit\u00e9 Sociale (CCSS).<\/li>\n\n\n\n<li>D\u00e9claration de sortie au Centre Commun de la S\u00e9curit\u00e9 Sociale (CCSS).<\/li>\n\n\n\n<li>Contacts avec l&#8217;Agence pour le D\u00e9veloppement de l&#8217;Emploi (ADEM) lors de l&#8217;embauche de demandeurs d&#8217;emploi.<\/li>\n\n\n\n<li>\u00c9tablissement de simulations de salaires.<\/li>\n\n\n\n<li>Calcul des salaires et \u00e9tablissement des fiches de paie, conform\u00e9ment \u00e0 la l\u00e9gislation luxembourgeoise en mati\u00e8re de travail, de fiscalit\u00e9 et de s\u00e9curit\u00e9 sociale, ainsi qu&#8217;aux conventions collectives applicables \u00e0 votre entreprise.<\/li>\n\n\n\n<li>D\u00e9claration des salaires et des jours de maladie \u00e0 l&#8217;Administration de la s\u00e9curit\u00e9 sociale (CCSS).<\/li>\n\n\n\n<li>D\u00e9claration de la retenue d&#8217;imp\u00f4t sur le salaire \u00e0 l&#8217;Administration fiscale luxembourgeoise.<\/li>\n\n\n\n<li>Fourniture de conseils et d&#8217;assistance en mati\u00e8re de droit du travail, de s\u00e9curit\u00e9 sociale et de fiscalit\u00e9.<\/li>\n\n\n\n<li>\u00c9tablissement de relev\u00e9s annuels de comptes de salaires d&#8217;entreprise et individuels.<\/li>\n\n\n\n<li>D\u00e9claration des jours de maladie au service de sant\u00e9 luxembourgeois.<\/li>\n<\/ol>\n\n\n\n<p>Veuillez noter que cette liste de services n&#8217;est pas exhaustive et que nous sommes en mesure de fournir d&#8217;autres services en fonction de vos besoins sp\u00e9cifiques.<\/p>\n\n\n\n<p>En choisissant SG Solutions comme partenaire pour la gestion de vos paies, vous pouvez avoir confiance en notre expertise et notre engagement \u00e0 vous fournir un service de qualit\u00e9. Nous nous effor\u00e7ons d&#8217;\u00eatre \u00e0 votre \u00e9coute et de r\u00e9pondre \u00e0 vos attentes afin que vous puissiez vous concentrer sur votre activit\u00e9 principale en sachant que vous avez un partenaire fiable \u00e0 vos c\u00f4t\u00e9s.<\/p>\n<\/div><\/div>\n\n\n\n<div style=\"height:25px\" aria-hidden=\"true\" class=\"wp-block-spacer\"><\/div>\n\n\n\n<div class=\"wp-block-buttons is-content-justification-center is-layout-flex wp-container-core-buttons-is-layout-16018d1d wp-block-buttons-is-layout-flex\">\n<div class=\"wp-block-button\"><a class=\"wp-block-button__link wp-element-button\" href=\"https:\/\/www.sgsolutions.lu\/index.php\/nos-services\/\">Retour<\/a><\/div>\n<\/div>\n\n\n\n<div style=\"height:25px\" aria-hidden=\"true\" class=\"wp-block-spacer\"><\/div>\n","protected":false},"excerpt":{"rendered":"","protected":false},"author":1,"featured_media":0,"parent":0,"menu_order":0,"comment_status":"closed","ping_status":"closed","template":"","meta":{"neve_meta_sidebar":"","neve_meta_container":"","neve_meta_enable_content_width":"","neve_meta_content_width":0,"neve_meta_title_alignment":"","neve_meta_author_avatar":"","neve_post_elements_order":"","neve_meta_disable_header":"","neve_meta_disable_footer":"","neve_meta_disable_title":"","footnotes":""},"class_list":["post-131","page","type-page","status-publish","hentry"],"_links":{"self":[{"href":"https:\/\/www.sgsolutions.lu\/index.php\/wp-json\/wp\/v2\/pages\/131","targetHints":{"allow":["GET"]}}],"collection":[{"href":"https:\/\/www.sgsolutions.lu\/index.php\/wp-json\/wp\/v2\/pages"}],"about":[{"href":"https:\/\/www.sgsolutions.lu\/index.php\/wp-json\/wp\/v2\/types\/page"}],"author":[{"embeddable":true,"href":"https:\/\/www.sgsolutions.lu\/index.php\/wp-json\/wp\/v2\/users\/1"}],"replies":[{"embeddable":true,"href":"https:\/\/www.sgsolutions.lu\/index.php\/wp-json\/wp\/v2\/comments?post=131"}],"version-history":[{"count":11,"href":"https:\/\/www.sgsolutions.lu\/index.php\/wp-json\/wp\/v2\/pages\/131\/revisions"}],"predecessor-version":[{"id":517,"href":"https:\/\/www.sgsolutions.lu\/index.php\/wp-json\/wp\/v2\/pages\/131\/revisions\/517"}],"wp:attachment":[{"href":"https:\/\/www.sgsolutions.lu\/index.php\/wp-json\/wp\/v2\/media?parent=131"}],"curies":[{"name":"wp","href":"https:\/\/api.w.org\/{rel}","templated":true}]}}