{"id":151,"date":"2022-12-10T03:23:26","date_gmt":"2022-12-10T02:23:26","guid":{"rendered":"http:\/\/www.sgsolutions.lu\/?page_id=151"},"modified":"2023-05-26T18:21:14","modified_gmt":"2023-05-26T16:21:14","slug":"sg-solutions-recherche","status":"publish","type":"page","link":"https:\/\/www.sgsolutions.lu\/index.php\/sg-solutions-recherche\/","title":{"rendered":"System admin L1, L2 &#038; L3"},"content":{"rendered":"\n<div class=\"wp-block-cover alignfull\"><span aria-hidden=\"true\" class=\"wp-block-cover__background has-background-dim\"><\/span><img loading=\"lazy\" decoding=\"async\" width=\"2560\" height=\"1024\" class=\"wp-block-cover__image-background wp-image-23\" alt=\"\" src=\"http:\/\/www.sgsolutions.lu\/wp-content\/uploads\/2022\/12\/shutterstock_1235079259-scaled.jpg\" data-object-fit=\"cover\" srcset=\"https:\/\/www.sgsolutions.lu\/wp-content\/uploads\/2022\/12\/shutterstock_1235079259-scaled.jpg 2560w, https:\/\/www.sgsolutions.lu\/wp-content\/uploads\/2022\/12\/shutterstock_1235079259-300x120.jpg 300w, https:\/\/www.sgsolutions.lu\/wp-content\/uploads\/2022\/12\/shutterstock_1235079259-1024x410.jpg 1024w, https:\/\/www.sgsolutions.lu\/wp-content\/uploads\/2022\/12\/shutterstock_1235079259-768x307.jpg 768w, https:\/\/www.sgsolutions.lu\/wp-content\/uploads\/2022\/12\/shutterstock_1235079259-1536x614.jpg 1536w, https:\/\/www.sgsolutions.lu\/wp-content\/uploads\/2022\/12\/shutterstock_1235079259-2048x819.jpg 2048w\" sizes=\"auto, (max-width: 2560px) 100vw, 2560px\" \/><div class=\"wp-block-cover__inner-container is-layout-flow wp-block-cover-is-layout-flow\">\n<p class=\"has-text-align-center has-large-font-size\"><\/p>\n<\/div><\/div>\n\n\n\n<div style=\"height:25px\" aria-hidden=\"true\" class=\"wp-block-spacer\"><\/div>\n\n\n\n<p class=\"has-medium-font-size\">Descriptif du poste:<\/p>\n\n\n\n<p>Nous recherchons pour l\u2019un de nos clients bas\u00e9 \u00e0 Luxembourg, plusieurs profils d&#8217;administrateurs syst\u00e8me L1, L2 et L3.<\/p>\n\n\n\n<p>Missions :<\/p>\n\n\n\n<p>En tant qu&#8217;Administrateur Syst\u00e8me , vos missions seront :<\/p>\n\n\n\n<p>\u2022 Administration syst\u00e8me Microsoft &#8211; Windows Server et Azure AD,<\/p>\n\n\n\n<p>\u2022 Cr\u00e9ation et gestion des comptes utilisateurs (acc\u00e8s, s\u00e9curit\u00e9, droits., etc.),<\/p>\n\n\n\n<p>\u2022 Gestion des licences applicatives (O365, Microsoft Sharepoint online, Microsoft Dynamics 365&#8230;),<\/p>\n\n\n\n<p>\u2022 Installation et configuration des postes,<\/p>\n\n\n\n<p>\u2022 Suivi du parc informatique et de sa maintenance,<\/p>\n\n\n\n<p>\u2022 Support aux utilisateurs.<\/p>\n\n\n\n<p>Comp\u00e9tences techniques :<\/p>\n\n\n\n<p>\u2022 Environnement O365 (Outlook, Teams, Azure AD, OneDrive)<\/p>\n\n\n\n<p>\u2022 Cloud management<\/p>\n\n\n\n<p>\u2022 Maitrise des architectures techniques et logiciels d\u2019un syst\u00e8me d\u2019information<\/p>\n\n\n\n<p>Profil :<\/p>\n\n\n\n<p>Vous \u00eates titulaire d\u2019une formation Bac +2\/3 en informatique et vous pouvez justifier d\u2019une exp\u00e9rience significative de 3 ans minimum sur un poste similaire.<\/p>\n\n\n\n<p>Les profils junior sont les bienvenus pour les postes L1.<\/p>\n\n\n\n<p>Vous \u00eates organis\u00e9, avec des aptitudes r\u00e9dactionnelles et de communication en fran\u00e7ais et en anglais. Vous avez de bonne connaissance en s\u00e9curit\u00e9 IT.<\/p>\n\n\n\n<p>Vous \u00eates autonome et force de proposition avec le sens des priorit\u00e9s. Vous aimez le travail d\u2019\u00e9quipe et \u00eates rigoureux.<\/p>\n\n\n\n<p>Informations compl\u00e9mentaires :<\/p>\n\n\n\n<p>\u2022 Postes \u00e0 pourvoir rapidement<\/p>\n\n\n\n<p>\u2022 Contrat en CDI<\/p>\n\n\n\n<p>\u2022 R\u00e9mun\u00e9ration et avantages \u00e0 d\u00e9finir selon profil<\/p>\n\n\n\n<p>\u2022 Postes bas\u00e9s \u00e0 Luxembourg<\/p>\n\n\n\n<p>\u2022 Lieu de travail : sur site<\/p>\n\n\n\n<p>\u00c0 propos de nous :<\/p>\n\n\n\n<p>SG SOLUTIONS est un cabinet de recrutement et de conseil \u00e0 taille humaine sp\u00e9cialis\u00e9 sur les m\u00e9tiers des fonctions supports sur le Luxembourg et l\u2019Europe. Notre volont\u00e9 est de r\u00e9pondre au plus pr\u00e8s de vos envies et de votre ambition.<\/p>\n\n\n\n<p>Nous vous conseillons et vous accompagnons dans l&#8217;int\u00e9gralit\u00e9 de votre processus de recrutement afin d&#8217;atteindre un objectif commun : trouver le d\u00e9fi qui vous permettra de vous \u00e9panouir professionnellement et personnellement.<\/p>\n\n\n\n<p>Vous souhaitez \u00e9voluer vers de nouvelles opportunit\u00e9s ? Vous avez envie de changement ? Le potentiel de d\u00e9veloppement et de bien-\u00eatre de nos candidats est notre priorit\u00e9.<\/p>\n\n\n\n<div style=\"height:25px\" aria-hidden=\"true\" class=\"wp-block-spacer\"><\/div>\n\n\n\n<div class=\"wp-block-buttons is-content-justification-center is-layout-flex wp-container-core-buttons-is-layout-16018d1d wp-block-buttons-is-layout-flex\">\n<div class=\"wp-block-button\"><a class=\"wp-block-button__link wp-element-button\" href=\"mailto:info@sgsolutions.lu\">Postulez<\/a><\/div>\n\n\n\n<div class=\"wp-block-button\"><a class=\"wp-block-button__link wp-element-button\" href=\"http:\/\/www.sgsolutions.lu\/index.php\/nos-offres\/\">Retour \u00e0 la liste<\/a><\/div>\n<\/div>\n\n\n\n<div style=\"height:25px\" aria-hidden=\"true\" class=\"wp-block-spacer\"><\/div>\n","protected":false},"excerpt":{"rendered":"<p>Descriptif du poste: Nous recherchons pour l\u2019un de nos clients bas\u00e9 \u00e0 Luxembourg, plusieurs profils d&#8217;administrateurs syst\u00e8me L1, L2 et L3. Missions : En tant qu&#8217;Administrateur Syst\u00e8me , vos missions seront : \u2022 Administration syst\u00e8me Microsoft &#8211; Windows Server et Azure AD, \u2022 Cr\u00e9ation et gestion des comptes utilisateurs (acc\u00e8s, s\u00e9curit\u00e9, droits., etc.), \u2022 Gestion&hellip;&nbsp;<a href=\"https:\/\/www.sgsolutions.lu\/index.php\/sg-solutions-recherche\/\" class=\"\" rel=\"bookmark\">Read More &raquo;<span class=\"screen-reader-text\">System admin L1, L2 &#038; L3<\/span><\/a><\/p>\n","protected":false},"author":1,"featured_media":0,"parent":0,"menu_order":0,"comment_status":"closed","ping_status":"closed","template":"","meta":{"neve_meta_sidebar":"","neve_meta_container":"","neve_meta_enable_content_width":"","neve_meta_content_width":0,"neve_meta_title_alignment":"","neve_meta_author_avatar":"","neve_post_elements_order":"","neve_meta_disable_header":"","neve_meta_disable_footer":"","neve_meta_disable_title":"","footnotes":""},"class_list":["post-151","page","type-page","status-publish","hentry"],"_links":{"self":[{"href":"https:\/\/www.sgsolutions.lu\/index.php\/wp-json\/wp\/v2\/pages\/151","targetHints":{"allow":["GET"]}}],"collection":[{"href":"https:\/\/www.sgsolutions.lu\/index.php\/wp-json\/wp\/v2\/pages"}],"about":[{"href":"https:\/\/www.sgsolutions.lu\/index.php\/wp-json\/wp\/v2\/types\/page"}],"author":[{"embeddable":true,"href":"https:\/\/www.sgsolutions.lu\/index.php\/wp-json\/wp\/v2\/users\/1"}],"replies":[{"embeddable":true,"href":"https:\/\/www.sgsolutions.lu\/index.php\/wp-json\/wp\/v2\/comments?post=151"}],"version-history":[{"count":7,"href":"https:\/\/www.sgsolutions.lu\/index.php\/wp-json\/wp\/v2\/pages\/151\/revisions"}],"predecessor-version":[{"id":520,"href":"https:\/\/www.sgsolutions.lu\/index.php\/wp-json\/wp\/v2\/pages\/151\/revisions\/520"}],"wp:attachment":[{"href":"https:\/\/www.sgsolutions.lu\/index.php\/wp-json\/wp\/v2\/media?parent=151"}],"curies":[{"name":"wp","href":"https:\/\/api.w.org\/{rel}","templated":true}]}}