{"id":168,"date":"2022-12-10T03:38:32","date_gmt":"2022-12-10T02:38:32","guid":{"rendered":"http:\/\/www.sgsolutions.lu\/?page_id=168"},"modified":"2023-05-26T18:31:31","modified_gmt":"2023-05-26T16:31:31","slug":"payroll-consultante-gestionnaire-de-paie-confirmee","status":"publish","type":"page","link":"https:\/\/www.sgsolutions.lu\/index.php\/payroll-consultante-gestionnaire-de-paie-confirmee\/","title":{"rendered":"Payroll consultant(e)\/gestionnaire de paie confirm\u00e9(e)"},"content":{"rendered":"\n<div class=\"wp-block-cover alignfull\"><span aria-hidden=\"true\" class=\"wp-block-cover__background has-background-dim\"><\/span><img loading=\"lazy\" decoding=\"async\" width=\"2560\" height=\"1024\" class=\"wp-block-cover__image-background wp-image-23\" alt=\"\" src=\"http:\/\/www.sgsolutions.lu\/wp-content\/uploads\/2022\/12\/shutterstock_1235079259-scaled.jpg\" data-object-fit=\"cover\" srcset=\"https:\/\/www.sgsolutions.lu\/wp-content\/uploads\/2022\/12\/shutterstock_1235079259-scaled.jpg 2560w, https:\/\/www.sgsolutions.lu\/wp-content\/uploads\/2022\/12\/shutterstock_1235079259-300x120.jpg 300w, https:\/\/www.sgsolutions.lu\/wp-content\/uploads\/2022\/12\/shutterstock_1235079259-1024x410.jpg 1024w, https:\/\/www.sgsolutions.lu\/wp-content\/uploads\/2022\/12\/shutterstock_1235079259-768x307.jpg 768w, https:\/\/www.sgsolutions.lu\/wp-content\/uploads\/2022\/12\/shutterstock_1235079259-1536x614.jpg 1536w, https:\/\/www.sgsolutions.lu\/wp-content\/uploads\/2022\/12\/shutterstock_1235079259-2048x819.jpg 2048w\" sizes=\"auto, (max-width: 2560px) 100vw, 2560px\" \/><div class=\"wp-block-cover__inner-container is-layout-flow wp-block-cover-is-layout-flow\">\n<p class=\"has-text-align-center has-large-font-size\"><\/p>\n<\/div><\/div>\n\n\n\n<div style=\"height:25px\" aria-hidden=\"true\" class=\"wp-block-spacer\"><\/div>\n\n\n\n<p>Votre r\u00f4le<br><br>Au sein d\u2019une petite \u00e9quipe, dans un environnement jeune et dynamique , vous assurez pour le compte des clients du cabinet, la gestion de la paie dans son int\u00e9gralit\u00e9 en veillant \u00e0 la bonne application des dispositions l\u00e9gales et conventionnelles.<br><br>Vos responsabilit\u00e9s<br><br>A ce titre, vous aurez notamment en charge&nbsp;:<br>communiquer avec les clients<br>&#8211;&nbsp;&nbsp;&nbsp;&nbsp;&nbsp;&nbsp;&nbsp;&nbsp;&nbsp;Communiquer avec les administrations (contributions, CCSS, Adem, etc.)<br>&#8211;&nbsp;&nbsp;&nbsp;&nbsp;&nbsp;&nbsp;&nbsp;&nbsp;&nbsp;Analyser et comprendre les besoins clients et proposer les solutions adapt\u00e9es<br>&#8211;&nbsp;&nbsp;&nbsp;&nbsp;&nbsp;&nbsp;&nbsp;&nbsp;&nbsp;la saisie des paies, des \u00e9l\u00e9ments variables de la paie, avantages, etc.<br>&#8211;&nbsp;&nbsp;&nbsp;&nbsp;&nbsp;&nbsp;&nbsp;&nbsp;&nbsp;le contr\u00f4le des paies<br>&#8211;&nbsp;&nbsp;&nbsp;&nbsp;&nbsp;&nbsp;&nbsp;&nbsp;&nbsp;g\u00e9n\u00e9ration des virements,<br>&#8211;&nbsp;&nbsp;&nbsp;&nbsp;&nbsp;&nbsp;&nbsp;&nbsp;&nbsp;l&#8217;\u00e9tablissement et v\u00e9rification des d\u00e9clarations sociales, d\u00e9clarations des entr\u00e9es et sorties, maladies, etc.<br>&#8211;&nbsp;&nbsp;&nbsp;&nbsp;&nbsp;&nbsp;&nbsp;&nbsp;&nbsp;l&#8217;\u00e9tablissement des attestations diverses qui peuvent vous \u00eatre demand\u00e9es,<br><br>Comp\u00e9tences<br><br>Vous maitrisez&nbsp;:<br>&#8211;&nbsp;&nbsp;&nbsp;&nbsp;&nbsp;&nbsp;&nbsp;&nbsp;&nbsp;la langue fran\u00e7aise. Toute autre langue sera consid\u00e9r\u00e9e comme un plus.<br>&#8211;&nbsp;&nbsp;&nbsp;&nbsp;&nbsp;&nbsp;&nbsp;&nbsp;&nbsp;APSAL<br>&#8211;&nbsp;&nbsp;&nbsp;&nbsp;&nbsp;&nbsp;&nbsp;&nbsp;&nbsp;Microsoft OFFICE<br><br>Profil<br><br>Vous \u00eates titulaire d\u2019une formation Bac +2\/3 en comptabilit\u00e9 ou \u00e9quivalent et vous pouvez justifier d\u2019une exp\u00e9rience significative de 3 ans minimum \u00e0 un poste similaire.<br>Vous \u00eates organis\u00e9(e), rigoureux(se) avec des aptitudes r\u00e9dactionnelles et de communication. Vous disposez d\u2019un esprit d\u2019analyse et de synth\u00e8se et vous connaissez le monde du payroll et ses imp\u00e9ratifs (gestion du temps, deadlines, etc.)<br>Vous \u00eates autonome et force de proposition avec le sens des priorit\u00e9s. Vous aimez le travail d\u2019\u00e9quipe.<br><br>\u00c0 propos de nous<br><br>SG SOLUTIONS est un cabinet de recrutement et de conseil \u00e0 taille humaine sp\u00e9cialis\u00e9 sur les m\u00e9tiers des fonctions supports sur le Luxembourg et l\u2019Europe. Notre volont\u00e9&nbsp;est de r\u00e9pondre au plus pr\u00e8s de vos envies et de votre ambition.<br><br>Nous vous conseillons et vous accompagnons dans l&#8217;int\u00e9gralit\u00e9 de votre processus de recrutement afin d&#8217;atteindre un objectif commun : trouver le d\u00e9fi qui vous permettra de vous \u00e9panouir professionnellement et personnellement.&nbsp;<br>Vous souhaitez \u00e9voluer vers de nouvelles opportunit\u00e9s&nbsp;? Vous avez envie de changement&nbsp;? Le potentiel de d\u00e9veloppement et de bien-\u00eatre de nos candidats est notre priorit\u00e9.<\/p>\n\n\n\n<div style=\"height:25px\" aria-hidden=\"true\" class=\"wp-block-spacer\"><\/div>\n\n\n\n<div class=\"wp-block-buttons is-content-justification-center is-layout-flex wp-container-core-buttons-is-layout-16018d1d wp-block-buttons-is-layout-flex\">\n<div class=\"wp-block-button\"><a class=\"wp-block-button__link wp-element-button\" href=\"mailto:info@sgsolutions.lu\">Postulez<\/a><\/div>\n\n\n\n<div class=\"wp-block-button\"><a class=\"wp-block-button__link wp-element-button\" href=\"http:\/\/www.sgsolutions.lu\/index.php\/nos-offres\/\">Retour \u00e0 la liste<\/a><\/div>\n<\/div>\n\n\n\n<div style=\"height:25px\" aria-hidden=\"true\" class=\"wp-block-spacer\"><\/div>\n","protected":false},"excerpt":{"rendered":"<p>Votre r\u00f4le Au sein d\u2019une petite \u00e9quipe, dans un environnement jeune et dynamique , vous assurez pour le compte des clients du cabinet, la gestion de la paie dans son int\u00e9gralit\u00e9 en veillant \u00e0 la bonne application des dispositions l\u00e9gales et conventionnelles. Vos responsabilit\u00e9s A ce titre, vous aurez notamment en charge&nbsp;:communiquer avec les clients&#8211;&nbsp;&nbsp;&nbsp;&nbsp;&nbsp;&nbsp;&nbsp;&nbsp;&nbsp;Communiquer&hellip;&nbsp;<a href=\"https:\/\/www.sgsolutions.lu\/index.php\/payroll-consultante-gestionnaire-de-paie-confirmee\/\" class=\"\" rel=\"bookmark\">Read More &raquo;<span class=\"screen-reader-text\">Payroll consultant(e)\/gestionnaire de paie confirm\u00e9(e)<\/span><\/a><\/p>\n","protected":false},"author":1,"featured_media":0,"parent":0,"menu_order":0,"comment_status":"closed","ping_status":"closed","template":"","meta":{"neve_meta_sidebar":"","neve_meta_container":"","neve_meta_enable_content_width":"","neve_meta_content_width":0,"neve_meta_title_alignment":"","neve_meta_author_avatar":"","neve_post_elements_order":"","neve_meta_disable_header":"","neve_meta_disable_footer":"","neve_meta_disable_title":"","footnotes":""},"class_list":["post-168","page","type-page","status-publish","hentry"],"_links":{"self":[{"href":"https:\/\/www.sgsolutions.lu\/index.php\/wp-json\/wp\/v2\/pages\/168","targetHints":{"allow":["GET"]}}],"collection":[{"href":"https:\/\/www.sgsolutions.lu\/index.php\/wp-json\/wp\/v2\/pages"}],"about":[{"href":"https:\/\/www.sgsolutions.lu\/index.php\/wp-json\/wp\/v2\/types\/page"}],"author":[{"embeddable":true,"href":"https:\/\/www.sgsolutions.lu\/index.php\/wp-json\/wp\/v2\/users\/1"}],"replies":[{"embeddable":true,"href":"https:\/\/www.sgsolutions.lu\/index.php\/wp-json\/wp\/v2\/comments?post=168"}],"version-history":[{"count":8,"href":"https:\/\/www.sgsolutions.lu\/index.php\/wp-json\/wp\/v2\/pages\/168\/revisions"}],"predecessor-version":[{"id":534,"href":"https:\/\/www.sgsolutions.lu\/index.php\/wp-json\/wp\/v2\/pages\/168\/revisions\/534"}],"wp:attachment":[{"href":"https:\/\/www.sgsolutions.lu\/index.php\/wp-json\/wp\/v2\/media?parent=168"}],"curies":[{"name":"wp","href":"https:\/\/api.w.org\/{rel}","templated":true}]}}