{"id":296,"date":"2023-01-24T11:52:03","date_gmt":"2023-01-24T10:52:03","guid":{"rendered":"http:\/\/www.sgsolutions.lu\/?page_id=296"},"modified":"2023-05-26T18:10:55","modified_gmt":"2023-05-26T16:10:55","slug":"ingenieure-responsable-de-projets-hvac-sanitaire","status":"publish","type":"page","link":"https:\/\/www.sgsolutions.lu\/index.php\/ingenieure-responsable-de-projets-hvac-sanitaire\/","title":{"rendered":"<strong>Ing\u00e9nieur(e) Responsable de projets \u2013 HVAC\/Sanitaire<\/strong>"},"content":{"rendered":"\n<div class=\"wp-block-cover alignfull\"><span aria-hidden=\"true\" class=\"wp-block-cover__background has-background-dim\"><\/span><img loading=\"lazy\" decoding=\"async\" width=\"2560\" height=\"1024\" class=\"wp-block-cover__image-background wp-image-23\" alt=\"\" src=\"http:\/\/www.sgsolutions.lu\/wp-content\/uploads\/2022\/12\/shutterstock_1235079259-scaled.jpg\" data-object-fit=\"cover\" srcset=\"https:\/\/www.sgsolutions.lu\/wp-content\/uploads\/2022\/12\/shutterstock_1235079259-scaled.jpg 2560w, https:\/\/www.sgsolutions.lu\/wp-content\/uploads\/2022\/12\/shutterstock_1235079259-300x120.jpg 300w, https:\/\/www.sgsolutions.lu\/wp-content\/uploads\/2022\/12\/shutterstock_1235079259-1024x410.jpg 1024w, https:\/\/www.sgsolutions.lu\/wp-content\/uploads\/2022\/12\/shutterstock_1235079259-768x307.jpg 768w, https:\/\/www.sgsolutions.lu\/wp-content\/uploads\/2022\/12\/shutterstock_1235079259-1536x614.jpg 1536w, https:\/\/www.sgsolutions.lu\/wp-content\/uploads\/2022\/12\/shutterstock_1235079259-2048x819.jpg 2048w\" sizes=\"auto, (max-width: 2560px) 100vw, 2560px\" \/><div class=\"wp-block-cover__inner-container is-layout-flow wp-block-cover-is-layout-flow\">\n<p class=\"has-text-align-center has-large-font-size\"><\/p>\n<\/div><\/div>\n\n\n\n<div style=\"height:25px\" aria-hidden=\"true\" class=\"wp-block-spacer\"><\/div>\n\n\n\n<p>SG SOLUTIONS recherche <strong>un(e) Ing\u00e9nieur(e) Responsable de projets \u2013 HVAC\/Sanitaire<\/strong><strong><\/strong><\/p>\n\n\n\n<p>Dans le cadre du renforcement de l\u2019\u00e9quipe actuelle, nous recherchons pour l\u2019un de nos clients bas\u00e9 \u00e0 Luxembourg, un(e) Ing\u00e9nieur(e) Responsable de projets \u2013 HVAC\/Sanitaire.<\/p>\n\n\n\n<p>Bas\u00e9 \u00e0 Luxembourg et filiale d\u2019un acteur majeur de l\u2019ing\u00e9nierie en Europe, notre client est sp\u00e9cialis\u00e9 dans les domaines suivant&nbsp;: construction &amp; \u00e9nergie, environnement, g\u00e9nie techniques &amp; construction.<\/p>\n\n\n\n<p><strong><u>Votre r\u00f4le&nbsp;:<\/u><\/strong><\/p>\n\n\n\n<p>Interlocuteur principal des clients, fournisseurs et autres parties prenantes, vous assurerez le suivi complet du dossier, de la phase projet \u00e0 sa r\u00e9alisation.<\/p>\n\n\n\n<ul class=\"wp-block-list\">\n<li>Optimiser et proposer des solutions technico-\u00e9conomiques viables afin de r\u00e9pondre aux besoins des clients,<\/li>\n\n\n\n<li>Planification des plans d\u2019\u00e9tudes et de d\u00e9tails en collaboration avec les projeteurs et modelers,<\/li>\n\n\n\n<li>Pr\u00e9parer les descriptifs techniques et les bordereaux,<\/li>\n\n\n\n<li>Concevoir les cahiers des charges de consultation dans le respect des processus internes luxembourgeois,<\/li>\n\n\n\n<li>\u00catre responsable de la r\u00e9daction du dossier d\u2019appels d\u2019offres conform\u00e9ment aux standards,<\/li>\n\n\n\n<li>Assurer l\u2019alignement technique des offres re\u00e7ues,<\/li>\n\n\n\n<li>Assurer le suivi des travaux dans son domaine de sp\u00e9cialit\u00e9 jusqu\u2019\u00e0 la lev\u00e9e totale des r\u00e9serves conform\u00e9ment aux normes techniques y relatives, aux r\u00e8gles de s\u00e9curit\u00e9, aux r\u00e8gles internes, aux processus m\u00e9tier, aux modes op\u00e9ratoires, etc.,<\/li>\n\n\n\n<li>Contr\u00f4ler la qualit\u00e9 d\u2019ex\u00e9cution,<\/li>\n\n\n\n<li>Conna\u00eetre les normes en vigueur et veiller \u00e0 leur bonne application.<\/li>\n<\/ul>\n\n\n\n<p><strong><u>Profil recherch\u00e9 :<\/u><\/strong><\/p>\n\n\n\n<p>De formation Bachelor ou Bac + 5 (ing\u00e9nieur, Master en ing\u00e9nierie ou \u00e9quivalent), vous justifiez id\u00e9alement d\u2019une exp\u00e9rience r\u00e9ussie de minimum 5 ans dans le domaine, de pr\u00e9f\u00e9rence en bureau d\u2019ing\u00e9nieurs conseil et\/ou en entreprise au Luxembourg. Vous avez une bonne connaissance du march\u00e9 luxembourgeois et ses acteurs.<\/p>\n\n\n\n<p>Vous parlez couramment le fran\u00e7ais. L\u2019allemand et\/ou le luxembourgeois seront consid\u00e9r\u00e9es comme un avantage.<\/p>\n\n\n\n<p>Vous \u00eates autonome, organis\u00e9, rigoureux et dot\u00e9 d\u2019un bon relationnel, disposez des qualit\u00e9s r\u00e9dactionnelles et communicatives, savez \u00e9couter et capter le besoin et les attentes de vos clients et faites preuve d\u2019\u00e9thique et d\u2019int\u00e9grit\u00e9.<\/p>\n\n\n\n<p>Dynamique, volontaire, vous rejoignez une \u00e9quipe exp\u00e9riment\u00e9e pour relever de nouveaux d\u00e9fis en b\u00e9n\u00e9ficiant du support de formation et ressources d\u2019un groupe europ\u00e9en.<strong><br><\/strong><\/p>\n\n\n\n<p><strong><u>Conditions et R\u00e9mun\u00e9rations :<\/u><\/strong><\/p>\n\n\n\n<p>Contrat&nbsp;: &nbsp;&nbsp;&nbsp;&nbsp;&nbsp;&nbsp;&nbsp;&nbsp;&nbsp;&nbsp;&nbsp;&nbsp;&nbsp;&nbsp;&nbsp;&nbsp;&nbsp;&nbsp;&nbsp;&nbsp;&nbsp; Contrat \u00e0 Dur\u00e9e Ind\u00e9termin\u00e9e<\/p>\n\n\n\n<p>Lieu de travail&nbsp;: &nbsp;&nbsp;&nbsp;&nbsp;&nbsp;&nbsp;&nbsp;&nbsp;&nbsp;&nbsp; Luxembourg<\/p>\n\n\n\n<p>R\u00e9mun\u00e9ration&nbsp;: &nbsp;&nbsp;&nbsp;&nbsp;&nbsp;&nbsp;&nbsp;&nbsp;&nbsp;&nbsp;&nbsp; Fixe \u00e0 d\u00e9finir selon profil et exp\u00e9riences<\/p>\n\n\n\n<p>Horaire de travail&nbsp;: &nbsp;&nbsp;&nbsp;&nbsp;&nbsp;&nbsp;40 heures \/ semaine<\/p>\n\n\n\n<p>Avantages&nbsp;: &nbsp;&nbsp;&nbsp;&nbsp;&nbsp;&nbsp;&nbsp;&nbsp;&nbsp;&nbsp;&nbsp;&nbsp;&nbsp;&nbsp;&nbsp;&nbsp; 13<sup>\u00e8me<\/sup> mois, ch\u00e8ques repas, v\u00e9hicule de fonction (5 places), carte-essence, ordinateur, t\u00e9l\u00e9phone et formation interne et externe. Situation g\u00e9ographique avantageuse.<\/p>\n\n\n\n<p><strong><u>\u00c0 propos de nous&nbsp;:<\/u><\/strong><\/p>\n\n\n\n<p>SG SOLUTIONS est un cabinet de recrutement et de conseil \u00e0 taille humaine sp\u00e9cialis\u00e9 sur les m\u00e9tiers des fonctions supports sur le Luxembourg et l\u2019Europe. Notre volont\u00e9&nbsp;est de r\u00e9pondre au plus pr\u00e8s de vos envies et de votre ambition.<\/p>\n\n\n\n<p>Nous vous conseillons et vous accompagnons dans l&#8217;int\u00e9gralit\u00e9 de votre processus de recrutement afin d&#8217;atteindre un objectif commun : trouver le d\u00e9fi qui vous permettra de vous \u00e9panouir professionnellement et personnellement.&nbsp;<\/p>\n\n\n\n<p>Vous souhaitez \u00e9voluer vers de nouvelles opportunit\u00e9s&nbsp;? Vous avez envie de changement&nbsp;? Le potentiel de d\u00e9veloppement et de bien-\u00eatre de nos candidats est notre priorit\u00e9.<\/p>\n\n\n\n<div style=\"height:25px\" aria-hidden=\"true\" class=\"wp-block-spacer\"><\/div>\n\n\n\n<div class=\"wp-block-buttons is-content-justification-center is-layout-flex wp-container-core-buttons-is-layout-16018d1d wp-block-buttons-is-layout-flex\">\n<div class=\"wp-block-button\"><a class=\"wp-block-button__link wp-element-button\" href=\"mailto:info@sgsolutions.lu\">Postulez<\/a><\/div>\n\n\n\n<div class=\"wp-block-button\"><a class=\"wp-block-button__link wp-element-button\" href=\"http:\/\/www.sgsolutions.lu\/index.php\/nos-offres\/\">Retour \u00e0 la liste<\/a><\/div>\n<\/div>\n\n\n\n<div style=\"height:25px\" aria-hidden=\"true\" class=\"wp-block-spacer\"><\/div>\n","protected":false},"excerpt":{"rendered":"<p>SG SOLUTIONS recherche un(e) Ing\u00e9nieur(e) Responsable de projets \u2013 HVAC\/Sanitaire Dans le cadre du renforcement de l\u2019\u00e9quipe actuelle, nous recherchons pour l\u2019un de nos clients bas\u00e9 \u00e0 Luxembourg, un(e) Ing\u00e9nieur(e) Responsable de projets \u2013 HVAC\/Sanitaire. Bas\u00e9 \u00e0 Luxembourg et filiale d\u2019un acteur majeur de l\u2019ing\u00e9nierie en Europe, notre client est sp\u00e9cialis\u00e9 dans les domaines suivant&nbsp;:&hellip;&nbsp;<a href=\"https:\/\/www.sgsolutions.lu\/index.php\/ingenieure-responsable-de-projets-hvac-sanitaire\/\" class=\"\" rel=\"bookmark\">Read More &raquo;<span class=\"screen-reader-text\"><strong>Ing\u00e9nieur(e) Responsable de projets \u2013 HVAC\/Sanitaire<\/strong><\/span><\/a><\/p>\n","protected":false},"author":1,"featured_media":0,"parent":0,"menu_order":0,"comment_status":"closed","ping_status":"closed","template":"","meta":{"neve_meta_sidebar":"","neve_meta_container":"","neve_meta_enable_content_width":"","neve_meta_content_width":0,"neve_meta_title_alignment":"","neve_meta_author_avatar":"","neve_post_elements_order":"","neve_meta_disable_header":"","neve_meta_disable_footer":"","neve_meta_disable_title":"","footnotes":""},"class_list":["post-296","page","type-page","status-publish","hentry"],"_links":{"self":[{"href":"https:\/\/www.sgsolutions.lu\/index.php\/wp-json\/wp\/v2\/pages\/296","targetHints":{"allow":["GET"]}}],"collection":[{"href":"https:\/\/www.sgsolutions.lu\/index.php\/wp-json\/wp\/v2\/pages"}],"about":[{"href":"https:\/\/www.sgsolutions.lu\/index.php\/wp-json\/wp\/v2\/types\/page"}],"author":[{"embeddable":true,"href":"https:\/\/www.sgsolutions.lu\/index.php\/wp-json\/wp\/v2\/users\/1"}],"replies":[{"embeddable":true,"href":"https:\/\/www.sgsolutions.lu\/index.php\/wp-json\/wp\/v2\/comments?post=296"}],"version-history":[{"count":6,"href":"https:\/\/www.sgsolutions.lu\/index.php\/wp-json\/wp\/v2\/pages\/296\/revisions"}],"predecessor-version":[{"id":507,"href":"https:\/\/www.sgsolutions.lu\/index.php\/wp-json\/wp\/v2\/pages\/296\/revisions\/507"}],"wp:attachment":[{"href":"https:\/\/www.sgsolutions.lu\/index.php\/wp-json\/wp\/v2\/media?parent=296"}],"curies":[{"name":"wp","href":"https:\/\/api.w.org\/{rel}","templated":true}]}}