{"id":321,"date":"2023-02-21T12:12:31","date_gmt":"2023-02-21T11:12:31","guid":{"rendered":"http:\/\/www.sgsolutions.lu\/?page_id=321"},"modified":"2025-12-29T17:05:13","modified_gmt":"2025-12-29T16:05:13","slug":"contact-2","status":"publish","type":"page","link":"https:\/\/www.sgsolutions.lu\/index.php\/contact-2\/","title":{"rendered":"Contact"},"content":{"rendered":"\n<div style=\"height:24px\" aria-hidden=\"true\" class=\"wp-block-spacer\"><\/div>\n\n\n\n<div class=\"wp-block-cover alignfull\"><span aria-hidden=\"true\" class=\"wp-block-cover__background has-background-dim\"><\/span><img loading=\"lazy\" decoding=\"async\" width=\"2560\" height=\"1024\" class=\"wp-block-cover__image-background wp-image-23\" alt=\"\" src=\"http:\/\/www.sgsolutions.lu\/wp-content\/uploads\/2022\/12\/shutterstock_1235079259-scaled.jpg\" data-object-fit=\"cover\" srcset=\"https:\/\/www.sgsolutions.lu\/wp-content\/uploads\/2022\/12\/shutterstock_1235079259-scaled.jpg 2560w, https:\/\/www.sgsolutions.lu\/wp-content\/uploads\/2022\/12\/shutterstock_1235079259-300x120.jpg 300w, https:\/\/www.sgsolutions.lu\/wp-content\/uploads\/2022\/12\/shutterstock_1235079259-1024x410.jpg 1024w, https:\/\/www.sgsolutions.lu\/wp-content\/uploads\/2022\/12\/shutterstock_1235079259-768x307.jpg 768w, https:\/\/www.sgsolutions.lu\/wp-content\/uploads\/2022\/12\/shutterstock_1235079259-1536x614.jpg 1536w, https:\/\/www.sgsolutions.lu\/wp-content\/uploads\/2022\/12\/shutterstock_1235079259-2048x819.jpg 2048w\" sizes=\"auto, (max-width: 2560px) 100vw, 2560px\" \/><div class=\"wp-block-cover__inner-container is-layout-flow wp-block-cover-is-layout-flow\">\n<p class=\"has-text-align-center has-large-font-size\"><\/p>\n<\/div><\/div>\n\n\n\n<div style=\"height:25px\" aria-hidden=\"true\" class=\"wp-block-spacer\"><\/div>\n\n\n\n<p class=\"has-large-font-size\"><strong>Un Projet ? Une question ?<\/strong><\/p>\n\n\n\n<p class=\"has-large-font-size\"><strong>N&#8217;h\u00e9sitez pas \u00e0 nous contacter, afin de pouvoir en discuter ! <\/strong><\/p>\n\n\n\n<div style=\"height:25px\" aria-hidden=\"true\" class=\"wp-block-spacer\"><\/div>\n\n\n\n<div class=\"wp-block-columns is-layout-flex wp-container-core-columns-is-layout-9d6595d7 wp-block-columns-is-layout-flex\">\n<div class=\"wp-block-column is-layout-flow wp-block-column-is-layout-flow\"><div class=\"wp-block-image\">\n<figure class=\"aligncenter size-large is-resized\"><img loading=\"lazy\" decoding=\"async\" width=\"1024\" height=\"1024\" src=\"http:\/\/www.sgsolutions.lu\/wp-content\/uploads\/2022\/12\/Telephone-1024x1024.jpg\" alt=\"\" class=\"wp-image-100\" style=\"width:75px;height:75px\" srcset=\"https:\/\/www.sgsolutions.lu\/wp-content\/uploads\/2022\/12\/Telephone-1024x1024.jpg 1024w, https:\/\/www.sgsolutions.lu\/wp-content\/uploads\/2022\/12\/Telephone-300x300.jpg 300w, https:\/\/www.sgsolutions.lu\/wp-content\/uploads\/2022\/12\/Telephone-150x150.jpg 150w, https:\/\/www.sgsolutions.lu\/wp-content\/uploads\/2022\/12\/Telephone-768x768.jpg 768w, https:\/\/www.sgsolutions.lu\/wp-content\/uploads\/2022\/12\/Telephone.jpg 1064w\" sizes=\"auto, (max-width: 1024px) 100vw, 1024px\" \/><\/figure>\n<\/div><\/div>\n\n\n\n<div class=\"wp-block-column is-layout-flow wp-block-column-is-layout-flow\"><div class=\"wp-block-image\">\n<figure class=\"aligncenter size-large is-resized\"><img loading=\"lazy\" decoding=\"async\" width=\"1024\" height=\"1024\" src=\"http:\/\/www.sgsolutions.lu\/wp-content\/uploads\/2022\/12\/Mail-1024x1024.jpg\" alt=\"\" class=\"wp-image-101\" style=\"width:75px;height:75px\" srcset=\"https:\/\/www.sgsolutions.lu\/wp-content\/uploads\/2022\/12\/Mail-1024x1024.jpg 1024w, https:\/\/www.sgsolutions.lu\/wp-content\/uploads\/2022\/12\/Mail-300x300.jpg 300w, https:\/\/www.sgsolutions.lu\/wp-content\/uploads\/2022\/12\/Mail-150x150.jpg 150w, https:\/\/www.sgsolutions.lu\/wp-content\/uploads\/2022\/12\/Mail-768x768.jpg 768w, https:\/\/www.sgsolutions.lu\/wp-content\/uploads\/2022\/12\/Mail.jpg 1064w\" sizes=\"auto, (max-width: 1024px) 100vw, 1024px\" \/><\/figure>\n<\/div><\/div>\n\n\n\n<div class=\"wp-block-column is-layout-flow wp-block-column-is-layout-flow\"><div class=\"wp-block-image\">\n<figure class=\"aligncenter size-large is-resized\"><img loading=\"lazy\" decoding=\"async\" width=\"1024\" height=\"1024\" src=\"http:\/\/www.sgsolutions.lu\/wp-content\/uploads\/2022\/12\/Adresse-1024x1024.jpg\" alt=\"\" class=\"wp-image-102\" style=\"width:75px;height:75px\" srcset=\"https:\/\/www.sgsolutions.lu\/wp-content\/uploads\/2022\/12\/Adresse-1024x1024.jpg 1024w, https:\/\/www.sgsolutions.lu\/wp-content\/uploads\/2022\/12\/Adresse-300x300.jpg 300w, https:\/\/www.sgsolutions.lu\/wp-content\/uploads\/2022\/12\/Adresse-150x150.jpg 150w, https:\/\/www.sgsolutions.lu\/wp-content\/uploads\/2022\/12\/Adresse-768x768.jpg 768w, https:\/\/www.sgsolutions.lu\/wp-content\/uploads\/2022\/12\/Adresse.jpg 1064w\" sizes=\"auto, (max-width: 1024px) 100vw, 1024px\" \/><\/figure>\n<\/div><\/div>\n<\/div>\n\n\n\n<div class=\"wp-block-columns is-layout-flex wp-container-core-columns-is-layout-9d6595d7 wp-block-columns-is-layout-flex\">\n<div class=\"wp-block-column is-layout-flow wp-block-column-is-layout-flow\">\n<p class=\"has-text-align-center\">+ 352 26 11 30 50<\/p>\n<\/div>\n\n\n\n<div class=\"wp-block-column is-layout-flow wp-block-column-is-layout-flow\">\n<p class=\"has-text-align-center\"><a href=\"mailto:info@sgsolutions.lu\">info@sgsolutions.lu<\/a><\/p>\n<\/div>\n\n\n\n<div class=\"wp-block-column is-layout-flow wp-block-column-is-layout-flow\">\n<p class=\"has-text-align-center\">32, rue de la Lib\u00e9ration<\/p>\n\n\n\n<p class=\"has-text-align-center\">L-4210 Esch-sur-Alzette<\/p>\n\n\n\n<p class=\"has-text-align-center\">Luxembourg<\/p>\n<\/div>\n<\/div>\n\n\n\n<div style=\"height:25px\" aria-hidden=\"true\" class=\"wp-block-spacer\"><\/div>\n\n\n\n<figure class=\"wp-block-table aligncenter\"><table><tbody><tr><td>Lundi<\/td><td class=\"has-text-align-center\" data-align=\"center\">08:30 \u2013 12:30 \/ 13:30\u201317:30<\/td><\/tr><tr><td>Mardi<\/td><td class=\"has-text-align-center\" data-align=\"center\">08:30 \u201312:30 \/ 13:30\u201317:30<\/td><\/tr><tr><td>Mercredi<\/td><td class=\"has-text-align-center\" data-align=\"center\">08:30 \u201312:30 \/ 13:30\u201317:30<\/td><\/tr><tr><td>Jeudi<\/td><td class=\"has-text-align-center\" data-align=\"center\">08:30 \u201312:30 \/ 13:30\u201317:30<\/td><\/tr><tr><td>Vendredi<\/td><td class=\"has-text-align-center\" data-align=\"center\">08:30 \u201312:30 \/ 13:30\u201317:30<\/td><\/tr><\/tbody><\/table><\/figure>\n\n\n\n<div style=\"height:25px\" aria-hidden=\"true\" class=\"wp-block-spacer\"><\/div>\n\n\n\n<div style=\"height:25px\" aria-hidden=\"true\" class=\"wp-block-spacer\"><\/div>\n","protected":false},"excerpt":{"rendered":"<p>Un Projet ? Une question ? N&#8217;h\u00e9sitez pas \u00e0 nous contacter, afin de pouvoir en discuter ! + 352 26 11 30 50 info@sgsolutions.lu 32, rue de la Lib\u00e9ration L-4210 Esch-sur-Alzette Luxembourg Lundi 08:30 \u2013 12:30 \/ 13:30\u201317:30 Mardi 08:30 \u201312:30 \/ 13:30\u201317:30 Mercredi 08:30 \u201312:30 \/ 13:30\u201317:30 Jeudi 08:30 \u201312:30 \/ 13:30\u201317:30 Vendredi 08:30&hellip;&nbsp;<a href=\"https:\/\/www.sgsolutions.lu\/index.php\/contact-2\/\" class=\"\" rel=\"bookmark\">Read More &raquo;<span class=\"screen-reader-text\">Contact<\/span><\/a><\/p>\n","protected":false},"author":1,"featured_media":0,"parent":0,"menu_order":0,"comment_status":"closed","ping_status":"closed","template":"","meta":{"neve_meta_sidebar":"","neve_meta_container":"","neve_meta_enable_content_width":"","neve_meta_content_width":0,"neve_meta_title_alignment":"","neve_meta_author_avatar":"","neve_post_elements_order":"","neve_meta_disable_header":"","neve_meta_disable_footer":"","neve_meta_disable_title":"","footnotes":""},"class_list":["post-321","page","type-page","status-publish","hentry"],"_links":{"self":[{"href":"https:\/\/www.sgsolutions.lu\/index.php\/wp-json\/wp\/v2\/pages\/321","targetHints":{"allow":["GET"]}}],"collection":[{"href":"https:\/\/www.sgsolutions.lu\/index.php\/wp-json\/wp\/v2\/pages"}],"about":[{"href":"https:\/\/www.sgsolutions.lu\/index.php\/wp-json\/wp\/v2\/types\/page"}],"author":[{"embeddable":true,"href":"https:\/\/www.sgsolutions.lu\/index.php\/wp-json\/wp\/v2\/users\/1"}],"replies":[{"embeddable":true,"href":"https:\/\/www.sgsolutions.lu\/index.php\/wp-json\/wp\/v2\/comments?post=321"}],"version-history":[{"count":7,"href":"https:\/\/www.sgsolutions.lu\/index.php\/wp-json\/wp\/v2\/pages\/321\/revisions"}],"predecessor-version":[{"id":593,"href":"https:\/\/www.sgsolutions.lu\/index.php\/wp-json\/wp\/v2\/pages\/321\/revisions\/593"}],"wp:attachment":[{"href":"https:\/\/www.sgsolutions.lu\/index.php\/wp-json\/wp\/v2\/media?parent=321"}],"curies":[{"name":"wp","href":"https:\/\/api.w.org\/{rel}","templated":true}]}}