{"id":329,"date":"2023-02-27T14:24:56","date_gmt":"2023-02-27T13:24:56","guid":{"rendered":"http:\/\/www.sgsolutions.lu\/?page_id=329"},"modified":"2023-05-26T18:28:50","modified_gmt":"2023-05-26T16:28:50","slug":"developpeurse-java","status":"publish","type":"page","link":"https:\/\/www.sgsolutions.lu\/index.php\/developpeurse-java\/","title":{"rendered":"D\u00e9veloppeur(se) Java\u00a0"},"content":{"rendered":"\n<div class=\"wp-block-cover alignfull\"><span aria-hidden=\"true\" class=\"wp-block-cover__background has-background-dim\"><\/span><img loading=\"lazy\" decoding=\"async\" width=\"2560\" height=\"1024\" class=\"wp-block-cover__image-background wp-image-23\" alt=\"\" src=\"http:\/\/www.sgsolutions.lu\/wp-content\/uploads\/2022\/12\/shutterstock_1235079259-scaled.jpg\" data-object-fit=\"cover\" srcset=\"https:\/\/www.sgsolutions.lu\/wp-content\/uploads\/2022\/12\/shutterstock_1235079259-scaled.jpg 2560w, https:\/\/www.sgsolutions.lu\/wp-content\/uploads\/2022\/12\/shutterstock_1235079259-300x120.jpg 300w, https:\/\/www.sgsolutions.lu\/wp-content\/uploads\/2022\/12\/shutterstock_1235079259-1024x410.jpg 1024w, https:\/\/www.sgsolutions.lu\/wp-content\/uploads\/2022\/12\/shutterstock_1235079259-768x307.jpg 768w, https:\/\/www.sgsolutions.lu\/wp-content\/uploads\/2022\/12\/shutterstock_1235079259-1536x614.jpg 1536w, https:\/\/www.sgsolutions.lu\/wp-content\/uploads\/2022\/12\/shutterstock_1235079259-2048x819.jpg 2048w\" sizes=\"auto, (max-width: 2560px) 100vw, 2560px\" \/><div class=\"wp-block-cover__inner-container is-layout-flow wp-block-cover-is-layout-flow\">\n<p class=\"has-text-align-center has-large-font-size\"><\/p>\n<\/div><\/div>\n\n\n\n<div style=\"height:25px\" aria-hidden=\"true\" class=\"wp-block-spacer\"><\/div>\n\n\n\n<p><strong>&nbsp;Descriptif du poste&nbsp;<\/strong>:<\/p>\n\n\n\n<p>Nous recherchons pour l\u2019un de nos clients bas\u00e9 \u00e0 Luxembourg un(e) d\u00e9veloppeur(se) fullstack Java&nbsp;<\/p>\n\n\n\n<p>Missions : Vous concevez, d\u00e9veloppez, mettez en place, configurez et faites \u00e9voluer les applications informatiques. A ce titre, vos missions principales sont :&nbsp;<\/p>\n\n\n\n<p>&#8211; Prendre en charge les d\u00e9veloppements du cahier des charges&nbsp;<\/p>\n\n\n\n<p>&#8211; Participer \u00e0 l&#8217;architecture fonctionnelle et applicative&nbsp;<\/p>\n\n\n\n<p>&#8211; Suivre la conception du projet (besoin, sp\u00e9cification fonctionnelle, lotissements, livrables, crit\u00e8res de r\u00e9ception\u2026)&nbsp;<\/p>\n\n\n\n<p>&#8211; Livrer le projet au niveau de qualit\u00e9 attendu&nbsp;<\/p>\n\n\n\n<p>&#8211; Assurer le suivi&nbsp;<\/p>\n\n\n\n<p>&#8211; R\u00e9aliser le support et la maintenance \u00e9volutive et corrective&nbsp;<\/p>\n\n\n\n<p>&#8211; Participer \u00e0 la mise en place&nbsp;<\/p>\n\n\n\n<p><strong>Comp\u00e9tences techniques :&nbsp;<\/strong><\/p>\n\n\n\n<p>\u2022 Langages:&nbsp;<\/p>\n\n\n\n<p>&#8211; Java 11\/JSP\/API Rest\/Spring\/SpringBoot\/Hibernate\/Angular\/DB2\/Kafka spark\/instana&nbsp;<\/p>\n\n\n\n<p>&#8211; Git\/IntelliJ\/Jenkins\/Sonar\/Jira\/Confluence-SQL\/PostgreSQL\/Oracle-Tomcat&nbsp;<\/p>\n\n\n\n<p>\u2022 Capacit\u00e9 \u00e0 comprendre les impacts de l&#8217;architecture du SI sur le projet + connaissance des architectures applicatives&nbsp;<\/p>\n\n\n\n<p>\u2022 S\u00e9curit\u00e9 des applications&nbsp;<\/p>\n\n\n\n<p>\u2022 Documentation technique&nbsp;<\/p>\n\n\n\n<p>Vous avez une bonne culture IT et vous connaissez le d\u00e9veloppement informatique. A l&#8217;aide de vos connaissances techniques, vous \u00eates int\u00e9ress\u00e9 pour progresser dans un \u00e9cosyst\u00e8me h\u00e9t\u00e9rog\u00e8ne dans lequel vous placerez votre technicit\u00e9 au service des projets&nbsp;<\/p>\n\n\n\n<p><strong>Profil :&nbsp;<\/strong><\/p>\n\n\n\n<p>Vous \u00eates titulaire d\u2019une formation Bac +2\/3 en informatique et vous pouvez justifier d\u2019une exp\u00e9rience significative de 3 ans minimum sur un poste similaire.&nbsp;<\/p>\n\n\n\n<p>Vous \u00eates organis\u00e9, avec des aptitudes r\u00e9dactionnelles et de communication en fran\u00e7ais et en anglais. Vous avez de bonne connaissance en s\u00e9curit\u00e9 IT.&nbsp;<\/p>\n\n\n\n<p>Vous \u00eates autonome et force de proposition avec le sens des priorit\u00e9s. Vous aimez le travail d\u2019\u00e9quipe et \u00eatres rigoureux.&nbsp;<\/p>\n\n\n\n<p><strong>\u00c0 propos de nous :&nbsp;<\/strong><\/p>\n\n\n\n<p>SG SOLUTIONS est un cabinet de recrutement et de conseil \u00e0 taille humaine sp\u00e9cialis\u00e9 sur les m\u00e9tiers des fonctions supports sur le Luxembourg et l\u2019Europe. Notre volont\u00e9 est de r\u00e9pondre au plus pr\u00e8s de vos envies et de votre ambition.&nbsp;<\/p>\n\n\n\n<p>Nous vous conseillons et vous accompagnons dans l&#8217;int\u00e9gralit\u00e9 de votre processus de recrutement afin d&#8217;atteindre un objectif commun : trouver le d\u00e9fi qui vous permettra de vous \u00e9panouir professionnellement et personnellement.&nbsp;<\/p>\n\n\n\n<p>Vous souhaitez \u00e9voluer vers de nouvelles opportunit\u00e9s ? Vous avez envie de changement ? Le potentiel de d\u00e9veloppement et de bien-\u00eatre de nos candidats est notre priorit\u00e9.&nbsp;<\/p>\n\n\n\n<div style=\"height:25px\" aria-hidden=\"true\" class=\"wp-block-spacer\"><\/div>\n\n\n\n<div class=\"wp-block-buttons is-content-justification-center is-layout-flex wp-container-core-buttons-is-layout-16018d1d wp-block-buttons-is-layout-flex\">\n<div class=\"wp-block-button\"><a class=\"wp-block-button__link wp-element-button\" href=\"mailto:info@sgsolutions.lu\">Postulez<\/a><\/div>\n\n\n\n<div class=\"wp-block-button\"><a class=\"wp-block-button__link wp-element-button\" href=\"http:\/\/www.sgsolutions.lu\/index.php\/nos-offres\/\">Retour \u00e0 la liste<\/a><\/div>\n<\/div>\n\n\n\n<div style=\"height:25px\" aria-hidden=\"true\" class=\"wp-block-spacer\"><\/div>\n","protected":false},"excerpt":{"rendered":"<p>&nbsp;Descriptif du poste&nbsp;: Nous recherchons pour l\u2019un de nos clients bas\u00e9 \u00e0 Luxembourg un(e) d\u00e9veloppeur(se) fullstack Java&nbsp; Missions : Vous concevez, d\u00e9veloppez, mettez en place, configurez et faites \u00e9voluer les applications informatiques. A ce titre, vos missions principales sont :&nbsp; &#8211; Prendre en charge les d\u00e9veloppements du cahier des charges&nbsp; &#8211; Participer \u00e0 l&#8217;architecture fonctionnelle&hellip;&nbsp;<a href=\"https:\/\/www.sgsolutions.lu\/index.php\/developpeurse-java\/\" class=\"\" rel=\"bookmark\">Read More &raquo;<span class=\"screen-reader-text\">D\u00e9veloppeur(se) Java\u00a0<\/span><\/a><\/p>\n","protected":false},"author":1,"featured_media":0,"parent":0,"menu_order":0,"comment_status":"closed","ping_status":"closed","template":"","meta":{"neve_meta_sidebar":"","neve_meta_container":"","neve_meta_enable_content_width":"","neve_meta_content_width":0,"neve_meta_title_alignment":"","neve_meta_author_avatar":"","neve_post_elements_order":"","neve_meta_disable_header":"","neve_meta_disable_footer":"","neve_meta_disable_title":"","footnotes":""},"class_list":["post-329","page","type-page","status-publish","hentry"],"_links":{"self":[{"href":"https:\/\/www.sgsolutions.lu\/index.php\/wp-json\/wp\/v2\/pages\/329","targetHints":{"allow":["GET"]}}],"collection":[{"href":"https:\/\/www.sgsolutions.lu\/index.php\/wp-json\/wp\/v2\/pages"}],"about":[{"href":"https:\/\/www.sgsolutions.lu\/index.php\/wp-json\/wp\/v2\/types\/page"}],"author":[{"embeddable":true,"href":"https:\/\/www.sgsolutions.lu\/index.php\/wp-json\/wp\/v2\/users\/1"}],"replies":[{"embeddable":true,"href":"https:\/\/www.sgsolutions.lu\/index.php\/wp-json\/wp\/v2\/comments?post=329"}],"version-history":[{"count":5,"href":"https:\/\/www.sgsolutions.lu\/index.php\/wp-json\/wp\/v2\/pages\/329\/revisions"}],"predecessor-version":[{"id":529,"href":"https:\/\/www.sgsolutions.lu\/index.php\/wp-json\/wp\/v2\/pages\/329\/revisions\/529"}],"wp:attachment":[{"href":"https:\/\/www.sgsolutions.lu\/index.php\/wp-json\/wp\/v2\/media?parent=329"}],"curies":[{"name":"wp","href":"https:\/\/api.w.org\/{rel}","templated":true}]}}