{"id":339,"date":"2023-02-27T14:35:22","date_gmt":"2023-02-27T13:35:22","guid":{"rendered":"http:\/\/www.sgsolutions.lu\/?page_id=339"},"modified":"2023-05-26T18:13:38","modified_gmt":"2023-05-26T16:13:38","slug":"comptable","status":"publish","type":"page","link":"https:\/\/www.sgsolutions.lu\/index.php\/comptable\/","title":{"rendered":"Comptable"},"content":{"rendered":"\n<div class=\"wp-block-cover alignfull\"><span aria-hidden=\"true\" class=\"wp-block-cover__background has-background-dim\"><\/span><img loading=\"lazy\" decoding=\"async\" width=\"2560\" height=\"1024\" class=\"wp-block-cover__image-background wp-image-23\" alt=\"\" src=\"http:\/\/www.sgsolutions.lu\/wp-content\/uploads\/2022\/12\/shutterstock_1235079259-scaled.jpg\" data-object-fit=\"cover\" srcset=\"https:\/\/www.sgsolutions.lu\/wp-content\/uploads\/2022\/12\/shutterstock_1235079259-scaled.jpg 2560w, https:\/\/www.sgsolutions.lu\/wp-content\/uploads\/2022\/12\/shutterstock_1235079259-300x120.jpg 300w, https:\/\/www.sgsolutions.lu\/wp-content\/uploads\/2022\/12\/shutterstock_1235079259-1024x410.jpg 1024w, https:\/\/www.sgsolutions.lu\/wp-content\/uploads\/2022\/12\/shutterstock_1235079259-768x307.jpg 768w, https:\/\/www.sgsolutions.lu\/wp-content\/uploads\/2022\/12\/shutterstock_1235079259-1536x614.jpg 1536w, https:\/\/www.sgsolutions.lu\/wp-content\/uploads\/2022\/12\/shutterstock_1235079259-2048x819.jpg 2048w\" sizes=\"auto, (max-width: 2560px) 100vw, 2560px\" \/><div class=\"wp-block-cover__inner-container is-layout-flow wp-block-cover-is-layout-flow\">\n<p class=\"has-text-align-center has-large-font-size\"><\/p>\n<\/div><\/div>\n\n\n\n<div style=\"height:25px\" aria-hidden=\"true\" class=\"wp-block-spacer\"><\/div>\n\n\n\n<p>SG SOLUTIONS recherche <strong>des comptables.<\/strong><\/p>\n\n\n\n<p>Notre client est un cabinet familial d\u2019expertise comptable et de commissariat aux comptes bas\u00e9 \u00e0 Metz.<\/p>\n\n\n\n<p><strong><u>Votre r\u00f4le&nbsp;: <\/u><\/strong><strong><u><\/u><\/strong><\/p>\n\n\n\n<p>Vous g\u00e9rez en autonomie un portefeuille de clients. Vous \u00eates garant de l\u2019\u00e9tablissement des comptes annuels et r\u00e9alisez \u00e0 ce titre :<\/p>\n\n\n\n<ul class=\"wp-block-list\">\n<li>La tenue comptable<\/li>\n<\/ul>\n\n\n\n<ul class=\"wp-block-list\">\n<li>La r\u00e9alisation des d\u00e9clarations TVA<\/li>\n<\/ul>\n\n\n\n<ul class=\"wp-block-list\">\n<li>L\u2019\u00e9tablissement des comptes annuels (bilan, compte de r\u00e9sultat, liasse fiscale, annexe, etc.)<\/li>\n<\/ul>\n\n\n\n<ul class=\"wp-block-list\">\n<li>L\u2019ensemble des d\u00e9clarations fiscales<\/li>\n<\/ul>\n\n\n\n<p>Vous vous impliquez dans la relation client\u00e8le et prescrivez les services du cabinet.<\/p>\n\n\n\n<p><strong><u>Profil recherch\u00e9 :<\/u><\/strong><strong><u><\/u><\/strong><\/p>\n\n\n\n<p>De formation Bac +2 ou \u00e9quivalente, vous justifiez d\u2019une exp\u00e9rience r\u00e9ussie de 5 ans minimum sur un poste similaire.<\/p>\n\n\n\n<p>Vous avez une bonne connaissance de l\u2019outil informatique.<\/p>\n\n\n\n<p>Dot\u00e9 d\u2019un bon relationnel, d\u2019un sens aigu de l\u2019\u00e9coute, vous avez de bonnes capacit\u00e9s d\u2019adaptation.<\/p>\n\n\n\n<p>Dynamique, volontaire et rigoureux, rejoignez une \u00e9quipe exp\u00e9riment\u00e9e et relevez de nouveaux d\u00e9fis.<\/p>\n\n\n\n<p><strong><u>Conditions et R\u00e9mun\u00e9rations :<\/u><\/strong><strong><u><\/u><\/strong><\/p>\n\n\n\n<p>Contrat&nbsp;: &nbsp;&nbsp;&nbsp;&nbsp;&nbsp;&nbsp;&nbsp;&nbsp;&nbsp;&nbsp;&nbsp;&nbsp;&nbsp;&nbsp;&nbsp;&nbsp;&nbsp;&nbsp;&nbsp;&nbsp;&nbsp; Contrat \u00e0 Dur\u00e9e Ind\u00e9termin\u00e9e<\/p>\n\n\n\n<p>Lieu de travail&nbsp;: &nbsp;&nbsp;&nbsp;&nbsp;&nbsp;&nbsp;&nbsp;&nbsp;&nbsp;&nbsp;&nbsp; Metz<\/p>\n\n\n\n<p>R\u00e9mun\u00e9ration&nbsp;: &nbsp;&nbsp;&nbsp;&nbsp;&nbsp;&nbsp;&nbsp;&nbsp;&nbsp;&nbsp;&nbsp; Fixe \u00e0 d\u00e9finir selon profil<\/p>\n\n\n\n<p>Horaire de travail&nbsp;: &nbsp;&nbsp;&nbsp;&nbsp;&nbsp;&nbsp; 36,25 heures\/semaine<\/p>\n\n\n\n<p><strong><u>\u00c0 propos de nous&nbsp;: <\/u><\/strong><\/p>\n\n\n\n<p>SG SOLUTIONS est un cabinet de recrutement et de conseil \u00e0 taille humaine sp\u00e9cialis\u00e9 sur les m\u00e9tiers des fonctions supports sur le Luxembourg et l\u2019Europe. Notre volont\u00e9&nbsp;est de r\u00e9pondre au plus pr\u00e8s de vos envies et de votre ambition.<\/p>\n\n\n\n<p>Nous vous conseillons et vous accompagnons dans l&#8217;int\u00e9gralit\u00e9 de votre processus de recrutement afin d&#8217;atteindre un objectif commun : trouver le d\u00e9fi qui vous permettra de vous \u00e9panouir professionnellement et personnellement.&nbsp;<\/p>\n\n\n\n<p>Vous souhaitez \u00e9voluer vers de nouvelles opportunit\u00e9s&nbsp;? Vous avez envie de changement&nbsp;? Le potentiel de d\u00e9veloppement et de bien-\u00eatre de nos candidats est notre priorit\u00e9.<\/p>\n\n\n\n<div style=\"height:25px\" aria-hidden=\"true\" class=\"wp-block-spacer\"><\/div>\n\n\n\n<div class=\"wp-block-buttons is-content-justification-center is-layout-flex wp-container-core-buttons-is-layout-16018d1d wp-block-buttons-is-layout-flex\">\n<div class=\"wp-block-button\"><a class=\"wp-block-button__link wp-element-button\" href=\"mailto:info@sgsolutions.lu\">Postulez<\/a><\/div>\n\n\n\n<div class=\"wp-block-button\"><a class=\"wp-block-button__link wp-element-button\" href=\"http:\/\/www.sgsolutions.lu\/index.php\/nos-offres\/\">Retour \u00e0 la liste<\/a><\/div>\n<\/div>\n\n\n\n<div style=\"height:25px\" aria-hidden=\"true\" class=\"wp-block-spacer\"><\/div>\n","protected":false},"excerpt":{"rendered":"<p>SG SOLUTIONS recherche des comptables. Notre client est un cabinet familial d\u2019expertise comptable et de commissariat aux comptes bas\u00e9 \u00e0 Metz. Votre r\u00f4le&nbsp;: Vous g\u00e9rez en autonomie un portefeuille de clients. Vous \u00eates garant de l\u2019\u00e9tablissement des comptes annuels et r\u00e9alisez \u00e0 ce titre : Vous vous impliquez dans la relation client\u00e8le et prescrivez les&hellip;&nbsp;<a href=\"https:\/\/www.sgsolutions.lu\/index.php\/comptable\/\" class=\"\" rel=\"bookmark\">Read More &raquo;<span class=\"screen-reader-text\">Comptable<\/span><\/a><\/p>\n","protected":false},"author":1,"featured_media":0,"parent":0,"menu_order":0,"comment_status":"closed","ping_status":"closed","template":"","meta":{"neve_meta_sidebar":"","neve_meta_container":"","neve_meta_enable_content_width":"","neve_meta_content_width":0,"neve_meta_title_alignment":"","neve_meta_author_avatar":"","neve_post_elements_order":"","neve_meta_disable_header":"","neve_meta_disable_footer":"","neve_meta_disable_title":"","footnotes":""},"class_list":["post-339","page","type-page","status-publish","hentry"],"_links":{"self":[{"href":"https:\/\/www.sgsolutions.lu\/index.php\/wp-json\/wp\/v2\/pages\/339","targetHints":{"allow":["GET"]}}],"collection":[{"href":"https:\/\/www.sgsolutions.lu\/index.php\/wp-json\/wp\/v2\/pages"}],"about":[{"href":"https:\/\/www.sgsolutions.lu\/index.php\/wp-json\/wp\/v2\/types\/page"}],"author":[{"embeddable":true,"href":"https:\/\/www.sgsolutions.lu\/index.php\/wp-json\/wp\/v2\/users\/1"}],"replies":[{"embeddable":true,"href":"https:\/\/www.sgsolutions.lu\/index.php\/wp-json\/wp\/v2\/comments?post=339"}],"version-history":[{"count":5,"href":"https:\/\/www.sgsolutions.lu\/index.php\/wp-json\/wp\/v2\/pages\/339\/revisions"}],"predecessor-version":[{"id":510,"href":"https:\/\/www.sgsolutions.lu\/index.php\/wp-json\/wp\/v2\/pages\/339\/revisions\/510"}],"wp:attachment":[{"href":"https:\/\/www.sgsolutions.lu\/index.php\/wp-json\/wp\/v2\/media?parent=339"}],"curies":[{"name":"wp","href":"https:\/\/api.w.org\/{rel}","templated":true}]}}