{"id":398,"date":"2023-04-20T17:51:23","date_gmt":"2023-04-20T15:51:23","guid":{"rendered":"http:\/\/www.sgsolutions.lu\/?page_id=398"},"modified":"2023-05-26T18:29:23","modified_gmt":"2023-05-26T16:29:23","slug":"developpeurse-python","status":"publish","type":"page","link":"https:\/\/www.sgsolutions.lu\/index.php\/developpeurse-python\/","title":{"rendered":"D\u00e9veloppeur(se) Python"},"content":{"rendered":"\n<div class=\"wp-block-cover alignfull\"><span aria-hidden=\"true\" class=\"wp-block-cover__background has-background-dim\"><\/span><img loading=\"lazy\" decoding=\"async\" width=\"2560\" height=\"1024\" class=\"wp-block-cover__image-background wp-image-23\" alt=\"\" src=\"http:\/\/www.sgsolutions.lu\/wp-content\/uploads\/2022\/12\/shutterstock_1235079259-scaled.jpg\" data-object-fit=\"cover\" srcset=\"https:\/\/www.sgsolutions.lu\/wp-content\/uploads\/2022\/12\/shutterstock_1235079259-scaled.jpg 2560w, https:\/\/www.sgsolutions.lu\/wp-content\/uploads\/2022\/12\/shutterstock_1235079259-300x120.jpg 300w, https:\/\/www.sgsolutions.lu\/wp-content\/uploads\/2022\/12\/shutterstock_1235079259-1024x410.jpg 1024w, https:\/\/www.sgsolutions.lu\/wp-content\/uploads\/2022\/12\/shutterstock_1235079259-768x307.jpg 768w, https:\/\/www.sgsolutions.lu\/wp-content\/uploads\/2022\/12\/shutterstock_1235079259-1536x614.jpg 1536w, https:\/\/www.sgsolutions.lu\/wp-content\/uploads\/2022\/12\/shutterstock_1235079259-2048x819.jpg 2048w\" sizes=\"auto, (max-width: 2560px) 100vw, 2560px\" \/><div class=\"wp-block-cover__inner-container is-layout-flow wp-block-cover-is-layout-flow\">\n<p class=\"has-text-align-center has-large-font-size\"><\/p>\n<\/div><\/div>\n\n\n\n<div style=\"height:25px\" aria-hidden=\"true\" class=\"wp-block-spacer\"><\/div>\n\n\n\n<p>SG SOLUTIONS recherche pour l\u2019un de ses clients un(e) d\u00e9veloppeur(se) Python.<\/p>\n\n\n\n<p><strong><u>Descriptif du poste<\/u><\/strong><\/p>\n\n\n\n<p>Nous recherchons pour l\u2019un de nos clients (secteur bancaire) bas\u00e9 \u00e0 Luxembourg un(e) d\u00e9veloppeur(se) Python senior.<\/p>\n\n\n\n<p><strong><u>Missions<\/u><\/strong><br><br>En tant que&nbsp;D\u00e9veloppeur Python quelles seront vos missions ?<\/p>\n\n\n\n<ul class=\"wp-block-list\">\n<li>Apporter votre expertise relative au d\u00e9veloppement<\/li>\n\n\n\n<li>Apporter de l\u2019expertise\/exp\u00e9rience \u00e0 l\u2019\u00e9quipe en place<\/li>\n\n\n\n<li>D\u00e9velopper et mettre en place des solutions innovantes<\/li>\n\n\n\n<li>Accompagner et coacher des d\u00e9veloppeur(se)s juniors<\/li>\n<\/ul>\n\n\n\n<p><strong><u>Profil<\/u><\/strong><\/p>\n\n\n\n<p>Vous \u00eates titulaire d\u2019une formation Bac +3\/5 en informatique ou \u00e9quivalent et vous pouvez justifier d\u2019une exp\u00e9rience de 5 ans minimum sur un poste similaire.<\/p>\n\n\n\n<p>Vous \u00eates organis\u00e9, avec des aptitudes r\u00e9dactionnelles et de communication en fran\u00e7ais et en anglais. Vous avez de bonne connaissance en s\u00e9curit\u00e9 IT.<\/p>\n\n\n\n<p>Vous \u00eates autonome et force de proposition avec le sens des priorit\u00e9s. Vous aimez le travail d\u2019\u00e9quipe et \u00eates rigoureux.<\/p>\n\n\n\n<p><strong><u>\u00c0 propos de nous&nbsp;: <\/u><\/strong><strong><u><\/u><\/strong><\/p>\n\n\n\n<p>SG SOLUTIONS est un cabinet de recrutement et de conseil \u00e0 taille humaine sp\u00e9cialis\u00e9 sur les m\u00e9tiers des fonctions supports sur le Luxembourg et l\u2019Europe. Notre volont\u00e9&nbsp;est de r\u00e9pondre au plus pr\u00e8s de vos envies et de votre ambition.<\/p>\n\n\n\n<p>Nous vous conseillons et vous accompagnons dans l&#8217;int\u00e9gralit\u00e9 de votre processus de recrutement afin d&#8217;atteindre un objectif commun : trouver le d\u00e9fi qui vous permettra de vous \u00e9panouir professionnellement et personnellement.&nbsp;<\/p>\n\n\n\n<p>Vous souhaitez \u00e9voluer vers de nouvelles opportunit\u00e9s&nbsp;? Vous avez envie de changement&nbsp;? Le potentiel de d\u00e9veloppement et de bien-\u00eatre de nos candidats est notre priorit\u00e9.<\/p>\n\n\n\n<div style=\"height:25px\" aria-hidden=\"true\" class=\"wp-block-spacer\"><\/div>\n\n\n\n<div class=\"wp-block-buttons is-content-justification-center is-layout-flex wp-container-core-buttons-is-layout-16018d1d wp-block-buttons-is-layout-flex\">\n<div class=\"wp-block-button\"><a class=\"wp-block-button__link wp-element-button\" href=\"mailto:info@sgsolutions.lu\">Postulez<\/a><\/div>\n\n\n\n<div class=\"wp-block-button\"><a class=\"wp-block-button__link wp-element-button\" href=\"http:\/\/www.sgsolutions.lu\/index.php\/nos-offres\/\">Retour \u00e0 la liste<\/a><\/div>\n<\/div>\n\n\n\n<div style=\"height:25px\" aria-hidden=\"true\" class=\"wp-block-spacer\"><\/div>\n","protected":false},"excerpt":{"rendered":"<p>SG SOLUTIONS recherche pour l\u2019un de ses clients un(e) d\u00e9veloppeur(se) Python. Descriptif du poste Nous recherchons pour l\u2019un de nos clients (secteur bancaire) bas\u00e9 \u00e0 Luxembourg un(e) d\u00e9veloppeur(se) Python senior. Missions En tant que&nbsp;D\u00e9veloppeur Python quelles seront vos missions ? Profil Vous \u00eates titulaire d\u2019une formation Bac +3\/5 en informatique ou \u00e9quivalent et vous pouvez&hellip;&nbsp;<a href=\"https:\/\/www.sgsolutions.lu\/index.php\/developpeurse-python\/\" class=\"\" rel=\"bookmark\">Read More &raquo;<span class=\"screen-reader-text\">D\u00e9veloppeur(se) Python<\/span><\/a><\/p>\n","protected":false},"author":1,"featured_media":0,"parent":0,"menu_order":0,"comment_status":"closed","ping_status":"closed","template":"","meta":{"neve_meta_sidebar":"","neve_meta_container":"","neve_meta_enable_content_width":"","neve_meta_content_width":0,"neve_meta_title_alignment":"","neve_meta_author_avatar":"","neve_post_elements_order":"","neve_meta_disable_header":"","neve_meta_disable_footer":"","neve_meta_disable_title":"","footnotes":""},"class_list":["post-398","page","type-page","status-publish","hentry"],"_links":{"self":[{"href":"https:\/\/www.sgsolutions.lu\/index.php\/wp-json\/wp\/v2\/pages\/398","targetHints":{"allow":["GET"]}}],"collection":[{"href":"https:\/\/www.sgsolutions.lu\/index.php\/wp-json\/wp\/v2\/pages"}],"about":[{"href":"https:\/\/www.sgsolutions.lu\/index.php\/wp-json\/wp\/v2\/types\/page"}],"author":[{"embeddable":true,"href":"https:\/\/www.sgsolutions.lu\/index.php\/wp-json\/wp\/v2\/users\/1"}],"replies":[{"embeddable":true,"href":"https:\/\/www.sgsolutions.lu\/index.php\/wp-json\/wp\/v2\/comments?post=398"}],"version-history":[{"count":4,"href":"https:\/\/www.sgsolutions.lu\/index.php\/wp-json\/wp\/v2\/pages\/398\/revisions"}],"predecessor-version":[{"id":530,"href":"https:\/\/www.sgsolutions.lu\/index.php\/wp-json\/wp\/v2\/pages\/398\/revisions\/530"}],"wp:attachment":[{"href":"https:\/\/www.sgsolutions.lu\/index.php\/wp-json\/wp\/v2\/media?parent=398"}],"curies":[{"name":"wp","href":"https:\/\/api.w.org\/{rel}","templated":true}]}}