{"id":406,"date":"2023-04-25T16:16:19","date_gmt":"2023-04-25T14:16:19","guid":{"rendered":"http:\/\/www.sgsolutions.lu\/?page_id=406"},"modified":"2023-05-26T18:12:10","modified_gmt":"2023-05-26T16:12:10","slug":"assistante-administratifve-commerciale","status":"publish","type":"page","link":"https:\/\/www.sgsolutions.lu\/index.php\/assistante-administratifve-commerciale\/","title":{"rendered":"Assistant(e) administratif(ve) &#038; commercial(e)"},"content":{"rendered":"\n<div class=\"wp-block-cover alignfull\"><span aria-hidden=\"true\" class=\"wp-block-cover__background has-background-dim\"><\/span><img loading=\"lazy\" decoding=\"async\" width=\"2560\" height=\"1024\" class=\"wp-block-cover__image-background wp-image-23\" alt=\"\" src=\"http:\/\/www.sgsolutions.lu\/wp-content\/uploads\/2022\/12\/shutterstock_1235079259-scaled.jpg\" data-object-fit=\"cover\" srcset=\"https:\/\/www.sgsolutions.lu\/wp-content\/uploads\/2022\/12\/shutterstock_1235079259-scaled.jpg 2560w, https:\/\/www.sgsolutions.lu\/wp-content\/uploads\/2022\/12\/shutterstock_1235079259-300x120.jpg 300w, https:\/\/www.sgsolutions.lu\/wp-content\/uploads\/2022\/12\/shutterstock_1235079259-1024x410.jpg 1024w, https:\/\/www.sgsolutions.lu\/wp-content\/uploads\/2022\/12\/shutterstock_1235079259-768x307.jpg 768w, https:\/\/www.sgsolutions.lu\/wp-content\/uploads\/2022\/12\/shutterstock_1235079259-1536x614.jpg 1536w, https:\/\/www.sgsolutions.lu\/wp-content\/uploads\/2022\/12\/shutterstock_1235079259-2048x819.jpg 2048w\" sizes=\"auto, (max-width: 2560px) 100vw, 2560px\" \/><div class=\"wp-block-cover__inner-container is-layout-flow wp-block-cover-is-layout-flow\">\n<p class=\"has-text-align-center has-large-font-size\"><\/p>\n<\/div><\/div>\n\n\n\n<div style=\"height:25px\" aria-hidden=\"true\" class=\"wp-block-spacer\"><\/div>\n\n\n\n<p>SG SOLUTIONS recherche <strong>un\/une assistant(e) administratif(ve) et commercial(e).<\/strong><strong><\/strong><\/p>\n\n\n\n<p>Nous recherchons pour les besoins d\u2019un de nos clients bas\u00e9 \u00e0 Tr\u00e9mery (57300, France) un\/une assistant(e) administratif(ve) et commercial(e).<\/p>\n\n\n\n<p>Vous serez directement rattach\u00e9(e) au directeur g\u00e9n\u00e9ral et assurez&nbsp;au quotidien les relations avec les clients, et apportez un appui op\u00e9rationnel, commercial et administratif.<\/p>\n\n\n\n<p>Vous aurez \u00e0 charge les missions suivantes :<\/p>\n\n\n\n<ul class=\"wp-block-list\">\n<li>Vous assurez tous les contacts entrants et sortants (t\u00e9l\u00e9phoniques, mails, courriers, etc.)<\/li>\n\n\n\n<li>R\u00e9pondre aux demandes des clients<\/li>\n\n\n\n<li>Positionner les rendez-vous<\/li>\n\n\n\n<li>G\u00e9rer le planning<\/li>\n\n\n\n<li>G\u00e9rer les t\u00e2ches administratives : r\u00e9daction des devis, enregistrement et suivi des commandes, cr\u00e9ation et planification des dossiers, etc.<\/li>\n\n\n\n<li>G\u00e9rer une partie financi\u00e8re : facturation des clients, relance des \u00e9l\u00e9ments comptables, classement des dossiers<\/li>\n<\/ul>\n\n\n\n<p><strong><u>Profil recherch\u00e9 :<\/u><\/strong><strong><u><\/u><\/strong><\/p>\n\n\n\n<p>De formation administrative et\/ou commerciale (bac +2), vous justifiez id\u00e9alement d\u2019une exp\u00e9rience r\u00e9ussie de 2 ans \u00e0 un poste similaire.<\/p>\n\n\n\n<p>Vous parlez couramment le fran\u00e7ais, toute autre langue sera consid\u00e9r\u00e9e comme un avantage.<\/p>\n\n\n\n<p>Dot\u00e9 d\u2019un bon relationnel et d\u2019un sens organisationnel, vous faites preuve de rigueur dans vos t\u00e2ches quotidiennes. Dynamique et volontaire, vous souhaitez \u00e9voluer dans une structure \u00e0 taille humaine.<\/p>\n\n\n\n<p>Lieu&nbsp;de travail :&nbsp;&nbsp;&nbsp;&nbsp;&nbsp;&nbsp;&nbsp;&nbsp;&nbsp;&nbsp; Tr\u00e9mery<\/p>\n\n\n\n<p>Type de contrat : &nbsp;&nbsp;&nbsp;&nbsp;&nbsp;&nbsp;  CDI, temps partiel (mi-temps)<\/p>\n\n\n\n<p>Salaire&nbsp;:&nbsp;&nbsp;&nbsp;&nbsp;&nbsp;&nbsp;&nbsp;&nbsp;&nbsp;&nbsp;&nbsp;&nbsp;&nbsp;&nbsp;&nbsp;&nbsp;&nbsp;&nbsp;&nbsp;&nbsp;&nbsp;&nbsp; fixe (\u00e0 convenir selon profil)<\/p>\n\n\n\n<p><strong><u>\u00c0 propos de nous :<\/u><\/strong><\/p>\n\n\n\n<p>SG SOLUTIONS est un cabinet de recrutement et de conseil \u00e0 taille humaine sp\u00e9cialis\u00e9 sur les m\u00e9tiers des fonctions supports sur le Luxembourg et l\u2019Europe. Notre volont\u00e9 est de r\u00e9pondre au plus pr\u00e8s de vos envies et de votre ambition.<\/p>\n\n\n\n<p>Nous vous conseillons et vous accompagnons dans l&#8217;int\u00e9gralit\u00e9 de votre processus de recrutement afin d&#8217;atteindre un objectif commun : trouver le d\u00e9fi qui vous permettra de vous \u00e9panouir professionnellement et personnellement.<\/p>\n\n\n\n<p>Vous souhaitez \u00e9voluer vers de nouvelles opportunit\u00e9s ? Vous avez envie de changement ? Le potentiel de d\u00e9veloppement et de bien-\u00eatre de nos candidats est notre priorit\u00e9.<\/p>\n\n\n\n<div style=\"height:25px\" aria-hidden=\"true\" class=\"wp-block-spacer\"><\/div>\n\n\n\n<div class=\"wp-block-buttons is-content-justification-center is-layout-flex wp-container-core-buttons-is-layout-16018d1d wp-block-buttons-is-layout-flex\">\n<div class=\"wp-block-button\"><a class=\"wp-block-button__link wp-element-button\" href=\"mailto:info@sgsolutions.lu\">Postulez<\/a><\/div>\n\n\n\n<div class=\"wp-block-button\"><a class=\"wp-block-button__link wp-element-button\" href=\"http:\/\/www.sgsolutions.lu\/index.php\/nos-offres\/\">Retour \u00e0 la liste<\/a><\/div>\n<\/div>\n\n\n\n<div style=\"height:25px\" aria-hidden=\"true\" class=\"wp-block-spacer\"><\/div>\n","protected":false},"excerpt":{"rendered":"<p>SG SOLUTIONS recherche un\/une assistant(e) administratif(ve) et commercial(e). Nous recherchons pour les besoins d\u2019un de nos clients bas\u00e9 \u00e0 Tr\u00e9mery (57300, France) un\/une assistant(e) administratif(ve) et commercial(e). Vous serez directement rattach\u00e9(e) au directeur g\u00e9n\u00e9ral et assurez&nbsp;au quotidien les relations avec les clients, et apportez un appui op\u00e9rationnel, commercial et administratif. Vous aurez \u00e0 charge les&hellip;&nbsp;<a href=\"https:\/\/www.sgsolutions.lu\/index.php\/assistante-administratifve-commerciale\/\" class=\"\" rel=\"bookmark\">Read More &raquo;<span class=\"screen-reader-text\">Assistant(e) administratif(ve) &#038; commercial(e)<\/span><\/a><\/p>\n","protected":false},"author":1,"featured_media":0,"parent":0,"menu_order":0,"comment_status":"closed","ping_status":"closed","template":"","meta":{"neve_meta_sidebar":"","neve_meta_container":"","neve_meta_enable_content_width":"","neve_meta_content_width":0,"neve_meta_title_alignment":"","neve_meta_author_avatar":"","neve_post_elements_order":"","neve_meta_disable_header":"","neve_meta_disable_footer":"","neve_meta_disable_title":"","footnotes":""},"class_list":["post-406","page","type-page","status-publish","hentry"],"_links":{"self":[{"href":"https:\/\/www.sgsolutions.lu\/index.php\/wp-json\/wp\/v2\/pages\/406","targetHints":{"allow":["GET"]}}],"collection":[{"href":"https:\/\/www.sgsolutions.lu\/index.php\/wp-json\/wp\/v2\/pages"}],"about":[{"href":"https:\/\/www.sgsolutions.lu\/index.php\/wp-json\/wp\/v2\/types\/page"}],"author":[{"embeddable":true,"href":"https:\/\/www.sgsolutions.lu\/index.php\/wp-json\/wp\/v2\/users\/1"}],"replies":[{"embeddable":true,"href":"https:\/\/www.sgsolutions.lu\/index.php\/wp-json\/wp\/v2\/comments?post=406"}],"version-history":[{"count":4,"href":"https:\/\/www.sgsolutions.lu\/index.php\/wp-json\/wp\/v2\/pages\/406\/revisions"}],"predecessor-version":[{"id":508,"href":"https:\/\/www.sgsolutions.lu\/index.php\/wp-json\/wp\/v2\/pages\/406\/revisions\/508"}],"wp:attachment":[{"href":"https:\/\/www.sgsolutions.lu\/index.php\/wp-json\/wp\/v2\/media?parent=406"}],"curies":[{"name":"wp","href":"https:\/\/api.w.org\/{rel}","templated":true}]}}