{"id":567,"date":"2024-04-03T11:43:58","date_gmt":"2024-04-03T09:43:58","guid":{"rendered":"https:\/\/www.sgsolutions.lu\/?page_id=567"},"modified":"2024-04-03T11:43:59","modified_gmt":"2024-04-03T09:43:59","slug":"data-engineer-msbi-senior","status":"publish","type":"page","link":"https:\/\/www.sgsolutions.lu\/index.php\/data-engineer-msbi-senior\/","title":{"rendered":"Data Engineer MSBI Senior"},"content":{"rendered":"\n<div class=\"wp-block-cover alignfull\"><span aria-hidden=\"true\" class=\"wp-block-cover__background has-background-dim\"><\/span><img loading=\"lazy\" decoding=\"async\" width=\"2560\" height=\"1024\" class=\"wp-block-cover__image-background wp-image-23\" alt=\"\" src=\"http:\/\/www.sgsolutions.lu\/wp-content\/uploads\/2022\/12\/shutterstock_1235079259-scaled.jpg\" data-object-fit=\"cover\" srcset=\"https:\/\/www.sgsolutions.lu\/wp-content\/uploads\/2022\/12\/shutterstock_1235079259-scaled.jpg 2560w, https:\/\/www.sgsolutions.lu\/wp-content\/uploads\/2022\/12\/shutterstock_1235079259-300x120.jpg 300w, https:\/\/www.sgsolutions.lu\/wp-content\/uploads\/2022\/12\/shutterstock_1235079259-1024x410.jpg 1024w, https:\/\/www.sgsolutions.lu\/wp-content\/uploads\/2022\/12\/shutterstock_1235079259-768x307.jpg 768w, https:\/\/www.sgsolutions.lu\/wp-content\/uploads\/2022\/12\/shutterstock_1235079259-1536x614.jpg 1536w, https:\/\/www.sgsolutions.lu\/wp-content\/uploads\/2022\/12\/shutterstock_1235079259-2048x819.jpg 2048w\" sizes=\"auto, (max-width: 2560px) 100vw, 2560px\" \/><div class=\"wp-block-cover__inner-container is-layout-flow wp-block-cover-is-layout-flow\">\n<p class=\"has-text-align-center has-large-font-size\"><\/p>\n<\/div><\/div>\n\n\n\n<div style=\"height:25px\" aria-hidden=\"true\" class=\"wp-block-spacer\"><\/div>\n\n\n\n<p>SG SOLUTIONS recherche <strong>un(e) Data Engineer MSBI Senior.<\/strong><\/p>\n\n\n\n<p><strong><u>Descriptif du poste<\/u><\/strong><strong><u><\/u><\/strong><\/p>\n\n\n\n<p>Nous recherchons pour l\u2019un de nos clients bas\u00e9 \u00e0 Luxembourg un(e) Data Engineer MSBI Senior.<br><br>Vous poss\u00e9dez une solide exp\u00e9rience dans les domaines de la Data visualisation, la mod\u00e9lisation et la migration de bases de donn\u00e9es, ainsi qu&#8217;une expertise dans les technologies SSIS, SSRS, SSAS, T-SQL, et BIG Query. La connaissance de la Data gouvernance, Agile Scrum, User documentation est \u00e9galement essentielle.<br><br><strong><u>Responsabilit\u00e9s<\/u><\/strong><strong><u><\/u><\/strong><\/p>\n\n\n\n<ul class=\"wp-block-list\">\n<li>Assurer la mod\u00e9lisation, l\u2019administration et l\u2019optimisation de bases de donn\u00e9es.<\/li>\n\n\n\n<li>Concevoir techniquement et fonctionnellement des solutions, incluant la cr\u00e9ation d\u2019univers et de rapports.<\/li>\n\n\n\n<li>Accompagner les parties prenantes dans la mise en \u0153uvre de ces solutions.<\/li>\n\n\n\n<li>Conseiller dans votre domaine de comp\u00e9tences.<\/li>\n\n\n\n<li>Participer au processus d&#8217;am\u00e9lioration continue et assurer l\u2019accompagnement des utilisateurs finaux.<\/li>\n<\/ul>\n\n\n\n<p><strong><u>Comp\u00e9tences requises<\/u><\/strong><strong><u><\/u><\/strong><\/p>\n\n\n\n<ul class=\"wp-block-list\">\n<li>Expertise dans les technologies MSBI : SSIS, SSRS, SSAS, T-SQL.<\/li>\n\n\n\n<li>Ma\u00eetrise des concepts de Data visualisation, mod\u00e9lisation et migration de bases de donn\u00e9es.<\/li>\n\n\n\n<li>Connaissance des pratiques de Data gouvernance et de m\u00e9thodologies Agile Scrum.<\/li>\n\n\n\n<li>Capacit\u00e9 \u00e0 fournir une documentation utilisateur de qualit\u00e9.<\/li>\n\n\n\n<li>Exp\u00e9rience avec BIG Query serait un atout.<\/li>\n\n\n\n<li>Familiarit\u00e9 avec Qlik Sense serait consid\u00e9r\u00e9e comme un plus.<\/li>\n<\/ul>\n\n\n\n<p><strong>Ce que nous recherchons<\/strong><\/p>\n\n\n\n<p>Vous \u00eates titulaire d\u2019une formation Bac +4\/5 en informatique et vous pouvez justifier d\u2019une exp\u00e9rience significative de 5 ans minimum sur un poste similaire.<\/p>\n\n\n\n<p>Vous \u00eates organis\u00e9, avec des aptitudes r\u00e9dactionnelles et de communication en fran\u00e7ais et en anglais. Vous avez de bonne connaissance en s\u00e9curit\u00e9 IT.<\/p>\n\n\n\n<p>Vous avez une capacit\u00e9 d&#8217;analyse et un r\u00e9el sens critique et vous faites preuve d&#8217;initiative et d&#8217;autonomie, vous \u00eates naturellement force de proposition.<\/p>\n\n\n\n<p><strong><u>Conditions et R\u00e9mun\u00e9rations<\/u><\/strong><strong><u><\/u><\/strong><\/p>\n\n\n\n<p>Contrat\u00a0: \u00a0\u00a0\u00a0\u00a0\u00a0\u00a0\u00a0\u00a0\u00a0\u00a0\u00a0\u00a0\u00a0\u00a0\u00a0\u00a0\u00a0\u00a0\u00a0\u00a0\u00a0\u00a0\u00a0\u00a0Contrat \u00e0 Dur\u00e9e Ind\u00e9termin\u00e9e<\/p>\n\n\n\n<p>Lieu de travail\u00a0: \u00a0\u00a0\u00a0\u00a0\u00a0\u00a0\u00a0\u00a0\u00a0\u00a0\u00a0\u00a0\u00a0\u00a0\u00a0Luxembourg<\/p>\n\n\n\n<p>R\u00e9mun\u00e9ration\u00a0: \u00a0\u00a0\u00a0\u00a0\u00a0\u00a0\u00a0\u00a0\u00a0\u00a0\u00a0\u00a0\u00a0\u00a0\u00a0Fixe \u00e0 d\u00e9finir selon profil et exp\u00e9rience<\/p>\n\n\n\n<p>Horaire de travail&nbsp;: &nbsp;&nbsp;&nbsp;&nbsp;&nbsp;&nbsp;&nbsp;&nbsp;&nbsp; Temps plein&nbsp;&nbsp;&nbsp;&nbsp;&nbsp;&nbsp;&nbsp;&nbsp;&nbsp;&nbsp;&nbsp;&nbsp;&nbsp;&nbsp;&nbsp;&nbsp;&nbsp;&nbsp;&nbsp;&nbsp;&nbsp;&nbsp;&nbsp;&nbsp;&nbsp;&nbsp;&nbsp;&nbsp;<\/p>\n\n\n\n<p><strong><u>\u00c0 propos de nous<\/u><\/strong><strong><u><\/u><\/strong><\/p>\n\n\n\n<p>SG SOLUTIONS est un cabinet de recrutement et de conseil \u00e0 taille humaine sp\u00e9cialis\u00e9 sur les m\u00e9tiers des fonctions supports sur le Luxembourg et l\u2019Europe. Notre volont\u00e9&nbsp;est de r\u00e9pondre au plus pr\u00e8s de vos envies et de votre ambition.<\/p>\n\n\n\n<p>Nous vous conseillons et vous accompagnons dans l&#8217;int\u00e9gralit\u00e9 de votre processus de recrutement afin d&#8217;atteindre un objectif commun : trouver le d\u00e9fi qui vous permettra de vous \u00e9panouir professionnellement et personnellement.&nbsp; Vous souhaitez \u00e9voluer vers de nouvelles opportunit\u00e9s&nbsp;? Vous avez envie de changement&nbsp;? Le potentiel de d\u00e9veloppement et de bien-\u00eatre de nos candidats est notre priorit\u00e9.<\/p>\n\n\n\n<div style=\"height:25px\" aria-hidden=\"true\" class=\"wp-block-spacer\"><\/div>\n\n\n\n<div class=\"wp-block-buttons is-content-justification-center is-layout-flex wp-container-core-buttons-is-layout-16018d1d wp-block-buttons-is-layout-flex\">\n<div class=\"wp-block-button\"><a class=\"wp-block-button__link wp-element-button\" href=\"mailto:info@sgsolutions.lu\">Postulez<\/a><\/div>\n\n\n\n<div class=\"wp-block-button\"><a class=\"wp-block-button__link wp-element-button\" href=\"https:\/\/www.sgsolutions.lu\/index.php\/nos-offres\/\">Retour \u00e0 la liste<\/a><\/div>\n<\/div>\n\n\n\n<div style=\"height:25px\" aria-hidden=\"true\" class=\"wp-block-spacer\"><\/div>\n","protected":false},"excerpt":{"rendered":"<p>SG SOLUTIONS recherche un(e) Data Engineer MSBI Senior. Descriptif du poste Nous recherchons pour l\u2019un de nos clients bas\u00e9 \u00e0 Luxembourg un(e) Data Engineer MSBI Senior. Vous poss\u00e9dez une solide exp\u00e9rience dans les domaines de la Data visualisation, la mod\u00e9lisation et la migration de bases de donn\u00e9es, ainsi qu&#8217;une expertise dans les technologies SSIS, SSRS,&hellip;&nbsp;<a href=\"https:\/\/www.sgsolutions.lu\/index.php\/data-engineer-msbi-senior\/\" class=\"\" rel=\"bookmark\">Read More &raquo;<span class=\"screen-reader-text\">Data Engineer MSBI Senior<\/span><\/a><\/p>\n","protected":false},"author":1,"featured_media":0,"parent":0,"menu_order":0,"comment_status":"closed","ping_status":"closed","template":"","meta":{"neve_meta_sidebar":"","neve_meta_container":"","neve_meta_enable_content_width":"","neve_meta_content_width":0,"neve_meta_title_alignment":"","neve_meta_author_avatar":"","neve_post_elements_order":"","neve_meta_disable_header":"","neve_meta_disable_footer":"","neve_meta_disable_title":"","footnotes":""},"class_list":["post-567","page","type-page","status-publish","hentry"],"_links":{"self":[{"href":"https:\/\/www.sgsolutions.lu\/index.php\/wp-json\/wp\/v2\/pages\/567","targetHints":{"allow":["GET"]}}],"collection":[{"href":"https:\/\/www.sgsolutions.lu\/index.php\/wp-json\/wp\/v2\/pages"}],"about":[{"href":"https:\/\/www.sgsolutions.lu\/index.php\/wp-json\/wp\/v2\/types\/page"}],"author":[{"embeddable":true,"href":"https:\/\/www.sgsolutions.lu\/index.php\/wp-json\/wp\/v2\/users\/1"}],"replies":[{"embeddable":true,"href":"https:\/\/www.sgsolutions.lu\/index.php\/wp-json\/wp\/v2\/comments?post=567"}],"version-history":[{"count":1,"href":"https:\/\/www.sgsolutions.lu\/index.php\/wp-json\/wp\/v2\/pages\/567\/revisions"}],"predecessor-version":[{"id":568,"href":"https:\/\/www.sgsolutions.lu\/index.php\/wp-json\/wp\/v2\/pages\/567\/revisions\/568"}],"wp:attachment":[{"href":"https:\/\/www.sgsolutions.lu\/index.php\/wp-json\/wp\/v2\/media?parent=567"}],"curies":[{"name":"wp","href":"https:\/\/api.w.org\/{rel}","templated":true}]}}