{"id":573,"date":"2024-04-16T18:59:07","date_gmt":"2024-04-16T16:59:07","guid":{"rendered":"https:\/\/www.sgsolutions.lu\/?page_id=573"},"modified":"2024-07-04T19:06:24","modified_gmt":"2024-07-04T17:06:24","slug":"data-architect-senior","status":"publish","type":"page","link":"https:\/\/www.sgsolutions.lu\/index.php\/data-architect-senior\/","title":{"rendered":"Data Architect Senior"},"content":{"rendered":"\n<div class=\"wp-block-cover alignfull\"><span aria-hidden=\"true\" class=\"wp-block-cover__background has-background-dim\"><\/span><img loading=\"lazy\" decoding=\"async\" width=\"2560\" height=\"1024\" class=\"wp-block-cover__image-background wp-image-23\" alt=\"\" src=\"http:\/\/www.sgsolutions.lu\/wp-content\/uploads\/2022\/12\/shutterstock_1235079259-scaled.jpg\" data-object-fit=\"cover\" srcset=\"https:\/\/www.sgsolutions.lu\/wp-content\/uploads\/2022\/12\/shutterstock_1235079259-scaled.jpg 2560w, https:\/\/www.sgsolutions.lu\/wp-content\/uploads\/2022\/12\/shutterstock_1235079259-300x120.jpg 300w, https:\/\/www.sgsolutions.lu\/wp-content\/uploads\/2022\/12\/shutterstock_1235079259-1024x410.jpg 1024w, https:\/\/www.sgsolutions.lu\/wp-content\/uploads\/2022\/12\/shutterstock_1235079259-768x307.jpg 768w, https:\/\/www.sgsolutions.lu\/wp-content\/uploads\/2022\/12\/shutterstock_1235079259-1536x614.jpg 1536w, https:\/\/www.sgsolutions.lu\/wp-content\/uploads\/2022\/12\/shutterstock_1235079259-2048x819.jpg 2048w\" sizes=\"auto, (max-width: 2560px) 100vw, 2560px\" \/><div class=\"wp-block-cover__inner-container is-layout-flow wp-block-cover-is-layout-flow\">\n<p class=\"has-text-align-center has-large-font-size\"><\/p>\n<\/div><\/div>\n\n\n\n<div style=\"height:25px\" aria-hidden=\"true\" class=\"wp-block-spacer\"><\/div>\n\n\n\n<h4 class=\"wp-block-heading\">Job Description<\/h4>\n\n\n\n<p>We are looking for a Data Architect (Senior) for one of our clients, a leader in their field, based in Luxembourg.<\/p>\n\n\n\n<h4 class=\"wp-block-heading\">Your Role:<\/h4>\n\n\n\n<p>Ensure the management of database environments (SQL Server), define and implement IT procedures for the administration and operation of these databases.<\/p>\n\n\n\n<h4 class=\"wp-block-heading\">Missions:<\/h4>\n\n\n\n<h4 class=\"wp-block-heading\">Architecture:<\/h4>\n\n\n\n<ul class=\"wp-block-list\">\n<li>Propose SI evolutions to support growth<\/li>\n\n\n\n<li>Control and ensure the consistency of databases and compliance with used standards<\/li>\n\n\n\n<li>Participate in quality and security processes<\/li>\n\n\n\n<li>Regularly conduct technology watch<\/li>\n<\/ul>\n\n\n\n<h4 class=\"wp-block-heading\">Engineering:<\/h4>\n\n\n\n<ul class=\"wp-block-list\">\n<li>Execute part of the department&#8217;s technical projects<\/li>\n\n\n\n<li>Participate in hardware or software installations<\/li>\n\n\n\n<li>Contribute to the evolution of hardware and software elements of the database systems<\/li>\n\n\n\n<li>Administer and maintain databases<\/li>\n\n\n\n<li>Monitor the daily operation of databases<\/li>\n\n\n\n<li>Manage database backups<\/li>\n\n\n\n<li>Measure and analyze performance to optimize parameters<\/li>\n\n\n\n<li>Contribute to the development and dissemination of dashboards<\/li>\n\n\n\n<li>Automate processes where possible (using tools, scripting, etc.)<\/li>\n\n\n\n<li>Participate in cross-functional projects<\/li>\n<\/ul>\n\n\n\n<p>You master the modeling of relational database schemas, as well as MSBI tools (Power BI, Power Apps, Power Automate, Azure, etc.). You have experience in Datawarehouse and are proficient in report creation.<\/p>\n\n\n\n<h4 class=\"wp-block-heading\">Technical Support:<\/h4>\n\n\n\n<ul class=\"wp-block-list\">\n<li>Ensure the reliability and security of databases<\/li>\n\n\n\n<li>Manage last-level incidents related to database structures<\/li>\n<\/ul>\n\n\n\n<h4 class=\"wp-block-heading\">Desired Profile:<\/h4>\n\n\n\n<ul class=\"wp-block-list\">\n<li>You hold a Bac +4\/5 degree in computer science and have a significant experience of at least 8 years in a similar position.<\/li>\n\n\n\n<li>You are organized, with strong writing and communication skills in French and English. You have good knowledge of IT security.<\/li>\n\n\n\n<li>You master databases (installation and migration): MS SQL (SSIS, SSAS, SSRS), as well as the following technologies and methodologies: T-SQL, SQL Server, ELT\/ETL, Microsoft Fabric, Databricks, Kafka, Agile, Kimball.<\/li>\n\n\n\n<li>You have strong analytical skills and a critical mindset.<\/li>\n\n\n\n<li>You demonstrate initiative and autonomy, are naturally proactive, and want to help your team develop their skills.<\/li>\n\n\n\n<li>English is mandatory; other languages will be considered as a plus.<\/li>\n<\/ul>\n\n\n\n<h4 class=\"wp-block-heading\">Conditions and Compensation:<\/h4>\n\n\n\n<ul class=\"wp-block-list\">\n<li><strong>Contract<\/strong>: Permanent Contract<\/li>\n\n\n\n<li><strong>Location<\/strong>: Luxembourg<\/li>\n\n\n\n<li><strong>Compensation<\/strong>: Fixed salary to be defined according to profile and experience<\/li>\n\n\n\n<li><strong>Working Hours<\/strong>: 40 hours\/week<\/li>\n\n\n\n<li><strong>Benefits<\/strong>: Teleworking possible up to 2 days per week. Advantageous location (South of Luxembourg, near the border, train station, etc.)<\/li>\n<\/ul>\n\n\n\n<p><strong><u>\u00c0 propos de nous&nbsp;: <\/u><\/strong><strong><u><\/u><\/strong><\/p>\n\n\n\n<p>SG SOLUTIONS est un cabinet de recrutement et de conseil \u00e0 taille humaine sp\u00e9cialis\u00e9 sur les m\u00e9tiers des fonctions supports sur le Luxembourg et l\u2019Europe. Notre volont\u00e9 est de r\u00e9pondre au plus pr\u00e8s de vos envies et de votre ambition.<\/p>\n\n\n\n<p>Nous vous conseillons et vous accompagnons dans l&#8217;int\u00e9gralit\u00e9 de votre processus de recrutement afin d&#8217;atteindre un objectif commun : trouver le d\u00e9fi qui vous permettra de vous \u00e9panouir professionnellement et personnellement.<\/p>\n\n\n\n<p>Vous souhaitez \u00e9voluer vers de nouvelles opportunit\u00e9s ? Vous avez envie de changement ? Le potentiel de d\u00e9veloppement et de bien-\u00eatre de nos candidats est notre priorit\u00e9.<\/p>\n\n\n\n<div style=\"height:25px\" aria-hidden=\"true\" class=\"wp-block-spacer\"><\/div>\n\n\n\n<div class=\"wp-block-buttons is-content-justification-center is-layout-flex wp-container-core-buttons-is-layout-16018d1d wp-block-buttons-is-layout-flex\">\n<div class=\"wp-block-button\"><a class=\"wp-block-button__link wp-element-button\" href=\"mailto:info@sgsolutions.lu\">Postulez<\/a><\/div>\n\n\n\n<div class=\"wp-block-button\"><a class=\"wp-block-button__link wp-element-button\" href=\"https:\/\/www.sgsolutions.lu\/index.php\/nos-offres\/\">Retour \u00e0 la liste<\/a><\/div>\n<\/div>\n\n\n\n<div style=\"height:25px\" aria-hidden=\"true\" class=\"wp-block-spacer\"><\/div>\n","protected":false},"excerpt":{"rendered":"<p>Job Description We are looking for a Data Architect (Senior) for one of our clients, a leader in their field, based in Luxembourg. Your Role: Ensure the management of database environments (SQL Server), define and implement IT procedures for the administration and operation of these databases. Missions: Architecture: Engineering: You master the modeling of relational&hellip;&nbsp;<a href=\"https:\/\/www.sgsolutions.lu\/index.php\/data-architect-senior\/\" class=\"\" rel=\"bookmark\">Read More &raquo;<span class=\"screen-reader-text\">Data Architect Senior<\/span><\/a><\/p>\n","protected":false},"author":1,"featured_media":0,"parent":0,"menu_order":0,"comment_status":"closed","ping_status":"closed","template":"","meta":{"neve_meta_sidebar":"","neve_meta_container":"","neve_meta_enable_content_width":"","neve_meta_content_width":0,"neve_meta_title_alignment":"","neve_meta_author_avatar":"","neve_post_elements_order":"","neve_meta_disable_header":"","neve_meta_disable_footer":"","neve_meta_disable_title":"","footnotes":""},"class_list":["post-573","page","type-page","status-publish","hentry"],"_links":{"self":[{"href":"https:\/\/www.sgsolutions.lu\/index.php\/wp-json\/wp\/v2\/pages\/573","targetHints":{"allow":["GET"]}}],"collection":[{"href":"https:\/\/www.sgsolutions.lu\/index.php\/wp-json\/wp\/v2\/pages"}],"about":[{"href":"https:\/\/www.sgsolutions.lu\/index.php\/wp-json\/wp\/v2\/types\/page"}],"author":[{"embeddable":true,"href":"https:\/\/www.sgsolutions.lu\/index.php\/wp-json\/wp\/v2\/users\/1"}],"replies":[{"embeddable":true,"href":"https:\/\/www.sgsolutions.lu\/index.php\/wp-json\/wp\/v2\/comments?post=573"}],"version-history":[{"count":3,"href":"https:\/\/www.sgsolutions.lu\/index.php\/wp-json\/wp\/v2\/pages\/573\/revisions"}],"predecessor-version":[{"id":580,"href":"https:\/\/www.sgsolutions.lu\/index.php\/wp-json\/wp\/v2\/pages\/573\/revisions\/580"}],"wp:attachment":[{"href":"https:\/\/www.sgsolutions.lu\/index.php\/wp-json\/wp\/v2\/media?parent=573"}],"curies":[{"name":"wp","href":"https:\/\/api.w.org\/{rel}","templated":true}]}}